{"id":494,"date":"2020-12-09T10:57:08","date_gmt":"2020-12-09T09:57:08","guid":{"rendered":"https:\/\/test-wp.pulikowski.com\/?product=import-placeholder-for-52"},"modified":"2020-12-09T14:58:41","modified_gmt":"2020-12-09T13:58:41","slug":"sciagacz-magneta","status":"publish","type":"product","link":"https:\/\/test-wp.pulikowski.com\/?product=sciagacz-magneta","title":{"rendered":"\u015aci\u0105gacz magneta"},"content":{"rendered":"<p>\u015aci\u0105gacz magneta SIMSON.<\/p>\n","protected":false},"excerpt":{"rendered":"<p>\u015aci\u0105gacz magneta SIMSON.<\/p>\n","protected":false},"featured_media":497,"comment_status":"open","ping_status":"closed","template":"","meta":{"spay_email":""},"_links":{"self":[{"href":"https:\/\/test-wp.pulikowski.com\/index.php?rest_route=\/wp\/v2\/product\/494"}],"collection":[{"href":"https:\/\/test-wp.pulikowski.com\/index.php?rest_route=\/wp\/v2\/product"}],"about":[{"href":"https:\/\/test-wp.pulikowski.com\/index.php?rest_route=\/wp\/v2\/types\/product"}],"replies":[{"embeddable":true,"href":"https:\/\/test-wp.pulikowski.com\/index.php?rest_route=%2Fwp%2Fv2%2Fcomments&post=494"}],"wp:featuredmedia":[{"embeddable":true,"href":"https:\/\/test-wp.pulikowski.com\/index.php?rest_route=\/wp\/v2\/media\/497"}],"wp:attachment":[{"href":"https:\/\/test-wp.pulikowski.com\/index.php?rest_route=%2Fwp%2Fv2%2Fmedia&parent=494"}],"curies":[{"name":"wp","href":"https:\/\/api.w.org\/{rel}","templated":true}]}}