{"id":490,"date":"2020-12-09T10:37:42","date_gmt":"2020-12-09T09:37:42","guid":{"rendered":"https:\/\/test-wp.pulikowski.com\/?product=import-placeholder-for-186"},"modified":"2020-12-09T10:37:43","modified_gmt":"2020-12-09T09:37:43","slug":"remonty-silnikow-simson-s51-i-s50-regeneracja-naprawa","status":"publish","type":"product","link":"https:\/\/test-wp.pulikowski.com\/?product=remonty-silnikow-simson-s51-i-s50-regeneracja-naprawa","title":{"rendered":"Remonty silnik\u00f3w SIMSON S51 i S50 &#8211; regeneracja, naprawa !!"},"content":{"rendered":"<p>Przed remontem, porozpo\u0142owieniu silnika,wyszczeg\u00f3\u0142lniamy jakie cz\u0119\u015bci nale\u017cy wymieni\u00c4\u2021 i wysy\u0142amy informacj\u0119 o stanie silnika drog\u0105 mailow\u0105. Dowysy\u0142ki nale\u017cy silnik opr\u00f3\u017cni\u00c4\u2021 z oleju, oczy\u015bci\u00c4\u2021, do\u0142aczyc gaznik i cewke wysokiego napieciaorazwys\u0142a\u00c4\u2021 do nas. Cena remontu zale\u017cnie od zaawansowania wynosi 100 do 200 z\u0142 nie licz\u0105c u\u017cytych do tego cz\u0119\u015bci.Po remoncie silnika, na w\u0142asnej hamowni sprawdzamy osi\u0105gi i dokonujemy regulacji. Silnik pracuje oko\u0142o 30 minut w wentylowanej maszynie i jest obci\u0105\u017cany do 1\/4 mocy znamionowej. Sprawdza si\u0119 r\u00f3wnie\u017c instalacj\u0119 o\u015bwietleniow\u0105 wychodz\u0105c\u0105 z silnika.Nast\u0119pnie wylewa si\u0119 olej, benzyn\u0119 z ga\u017anika, pakujei przygotowuje do wysy\u0142ki.<\/p>\n","protected":false},"excerpt":{"rendered":"<p>Przed remontem, porozpo\u0142owieniu silnika,wyszczeg\u00f3\u0142lniamy jakie cz\u0119\u015bci nale\u017cy wymieni\u00c4\u2021 i wysy\u0142amy informacj\u0119 o stanie silnika drog\u0105 mailow\u0105. Dowysy\u0142ki nale\u017cy silnik opr\u00f3\u017cni\u00c4\u2021 z oleju, oczy\u015bci\u00c4\u2021, do\u0142aczyc gaznik i cewke wysokiego napieciaorazwys\u0142a\u00c4\u2021 do nas. Cena remontu zale\u017cnie od zaawansowania wynosi 100 do 200 z\u0142 nie licz\u0105c u\u017cytych do tego cz\u0119\u015bci.Po remoncie silnika, na w\u0142asnej hamowni sprawdzamy osi\u0105gi i [&hellip;]<\/p>\n","protected":false},"featured_media":0,"comment_status":"open","ping_status":"closed","template":"","meta":{"spay_email":""},"_links":{"self":[{"href":"https:\/\/test-wp.pulikowski.com\/index.php?rest_route=\/wp\/v2\/product\/490"}],"collection":[{"href":"https:\/\/test-wp.pulikowski.com\/index.php?rest_route=\/wp\/v2\/product"}],"about":[{"href":"https:\/\/test-wp.pulikowski.com\/index.php?rest_route=\/wp\/v2\/types\/product"}],"replies":[{"embeddable":true,"href":"https:\/\/test-wp.pulikowski.com\/index.php?rest_route=%2Fwp%2Fv2%2Fcomments&post=490"}],"wp:attachment":[{"href":"https:\/\/test-wp.pulikowski.com\/index.php?rest_route=%2Fwp%2Fv2%2Fmedia&parent=490"}],"curies":[{"name":"wp","href":"https:\/\/api.w.org\/{rel}","templated":true}]}}