{"id":459,"date":"2020-12-09T10:37:21","date_gmt":"2020-12-09T09:37:21","guid":{"rendered":"https:\/\/test-wp.pulikowski.com\/?product=import-placeholder-for-184"},"modified":"2020-12-09T10:37:42","modified_gmt":"2020-12-09T09:37:42","slug":"wklad-tlumika","status":"publish","type":"product","link":"https:\/\/test-wp.pulikowski.com\/?product=wklad-tlumika","title":{"rendered":"Wk\u0142ad t\u0142umika"},"content":{"rendered":"<p>Wk\u0142ad t\u0142umika<\/p>\n","protected":false},"excerpt":{"rendered":"<p>Wk\u0142ad t\u0142umika<\/p>\n","protected":false},"featured_media":491,"comment_status":"open","ping_status":"closed","template":"","meta":{"spay_email":""},"_links":{"self":[{"href":"https:\/\/test-wp.pulikowski.com\/index.php?rest_route=\/wp\/v2\/product\/459"}],"collection":[{"href":"https:\/\/test-wp.pulikowski.com\/index.php?rest_route=\/wp\/v2\/product"}],"about":[{"href":"https:\/\/test-wp.pulikowski.com\/index.php?rest_route=\/wp\/v2\/types\/product"}],"replies":[{"embeddable":true,"href":"https:\/\/test-wp.pulikowski.com\/index.php?rest_route=%2Fwp%2Fv2%2Fcomments&post=459"}],"wp:featuredmedia":[{"embeddable":true,"href":"https:\/\/test-wp.pulikowski.com\/index.php?rest_route=\/wp\/v2\/media\/491"}],"wp:attachment":[{"href":"https:\/\/test-wp.pulikowski.com\/index.php?rest_route=%2Fwp%2Fv2%2Fmedia&parent=459"}],"curies":[{"name":"wp","href":"https:\/\/api.w.org\/{rel}","templated":true}]}}