{"id":454,"date":"2020-12-09T10:37:20","date_gmt":"2020-12-09T09:37:20","guid":{"rendered":"https:\/\/test-wp.pulikowski.com\/?product=import-placeholder-for-179"},"modified":"2020-12-09T10:37:38","modified_gmt":"2020-12-09T09:37:38","slug":"opaska-tlumika-tylna-pasujaca-do-simsona-sr50","status":"publish","type":"product","link":"https:\/\/test-wp.pulikowski.com\/?product=opaska-tlumika-tylna-pasujaca-do-simsona-sr50","title":{"rendered":"Opaska t\u0142umika tylna pasuj\u0105ca do SIMSONa SR50."},"content":{"rendered":"<p>Opaska t\u0142umika tylna pasuj\u0105ca do SIMSONa SR50.<\/p>\n","protected":false},"excerpt":{"rendered":"<p>Opaska t\u0142umika tylna pasuj\u0105ca do SIMSONa SR50.<\/p>\n","protected":false},"featured_media":484,"comment_status":"open","ping_status":"closed","template":"","meta":{"spay_email":""},"_links":{"self":[{"href":"https:\/\/test-wp.pulikowski.com\/index.php?rest_route=\/wp\/v2\/product\/454"}],"collection":[{"href":"https:\/\/test-wp.pulikowski.com\/index.php?rest_route=\/wp\/v2\/product"}],"about":[{"href":"https:\/\/test-wp.pulikowski.com\/index.php?rest_route=\/wp\/v2\/types\/product"}],"replies":[{"embeddable":true,"href":"https:\/\/test-wp.pulikowski.com\/index.php?rest_route=%2Fwp%2Fv2%2Fcomments&post=454"}],"wp:featuredmedia":[{"embeddable":true,"href":"https:\/\/test-wp.pulikowski.com\/index.php?rest_route=\/wp\/v2\/media\/484"}],"wp:attachment":[{"href":"https:\/\/test-wp.pulikowski.com\/index.php?rest_route=%2Fwp%2Fv2%2Fmedia&parent=454"}],"curies":[{"name":"wp","href":"https:\/\/api.w.org\/{rel}","templated":true}]}}