{"id":453,"date":"2020-12-09T10:37:20","date_gmt":"2020-12-09T09:37:20","guid":{"rendered":"https:\/\/test-wp.pulikowski.com\/?product=import-placeholder-for-178"},"modified":"2020-12-09T10:37:38","modified_gmt":"2020-12-09T09:37:38","slug":"opaska-tlumika-tyl-s51","status":"publish","type":"product","link":"https:\/\/test-wp.pulikowski.com\/?product=opaska-tlumika-tyl-s51","title":{"rendered":"Opaska t\u0142umika ty\u0142 S51"},"content":{"rendered":"<p>Opaska t\u0142umika tylna pasuj\u0105ca do SIMSONa S51.<\/p>\n","protected":false},"excerpt":{"rendered":"<p>Opaska t\u0142umika tylna pasuj\u0105ca do SIMSONa S51.<\/p>\n","protected":false},"featured_media":483,"comment_status":"open","ping_status":"closed","template":"","meta":{"spay_email":""},"_links":{"self":[{"href":"https:\/\/test-wp.pulikowski.com\/index.php?rest_route=\/wp\/v2\/product\/453"}],"collection":[{"href":"https:\/\/test-wp.pulikowski.com\/index.php?rest_route=\/wp\/v2\/product"}],"about":[{"href":"https:\/\/test-wp.pulikowski.com\/index.php?rest_route=\/wp\/v2\/types\/product"}],"replies":[{"embeddable":true,"href":"https:\/\/test-wp.pulikowski.com\/index.php?rest_route=%2Fwp%2Fv2%2Fcomments&post=453"}],"wp:featuredmedia":[{"embeddable":true,"href":"https:\/\/test-wp.pulikowski.com\/index.php?rest_route=\/wp\/v2\/media\/483"}],"wp:attachment":[{"href":"https:\/\/test-wp.pulikowski.com\/index.php?rest_route=%2Fwp%2Fv2%2Fmedia&parent=453"}],"curies":[{"name":"wp","href":"https:\/\/api.w.org\/{rel}","templated":true}]}}