{"id":451,"date":"2020-12-09T10:37:19","date_gmt":"2020-12-09T09:37:19","guid":{"rendered":"https:\/\/test-wp.pulikowski.com\/?product=import-placeholder-for-176"},"modified":"2020-12-09T10:37:36","modified_gmt":"2020-12-09T09:37:36","slug":"opaska-tlumika-przod-enduro","status":"publish","type":"product","link":"https:\/\/test-wp.pulikowski.com\/?product=opaska-tlumika-przod-enduro","title":{"rendered":"Opaska t\u0142umika prz\u00f3d Enduro"},"content":{"rendered":"<p>Opaska t\u0142umika przednia do SIMSONa Enduro z mocowaniem do os\u0142ony.<\/p>\n","protected":false},"excerpt":{"rendered":"<p>Opaska t\u0142umika przednia do SIMSONa Enduro z mocowaniem do os\u0142ony.<\/p>\n","protected":false},"featured_media":481,"comment_status":"open","ping_status":"closed","template":"","meta":{"spay_email":""},"_links":{"self":[{"href":"https:\/\/test-wp.pulikowski.com\/index.php?rest_route=\/wp\/v2\/product\/451"}],"collection":[{"href":"https:\/\/test-wp.pulikowski.com\/index.php?rest_route=\/wp\/v2\/product"}],"about":[{"href":"https:\/\/test-wp.pulikowski.com\/index.php?rest_route=\/wp\/v2\/types\/product"}],"replies":[{"embeddable":true,"href":"https:\/\/test-wp.pulikowski.com\/index.php?rest_route=%2Fwp%2Fv2%2Fcomments&post=451"}],"wp:featuredmedia":[{"embeddable":true,"href":"https:\/\/test-wp.pulikowski.com\/index.php?rest_route=\/wp\/v2\/media\/481"}],"wp:attachment":[{"href":"https:\/\/test-wp.pulikowski.com\/index.php?rest_route=%2Fwp%2Fv2%2Fmedia&parent=451"}],"curies":[{"name":"wp","href":"https:\/\/api.w.org\/{rel}","templated":true}]}}