{"id":450,"date":"2020-12-09T10:37:19","date_gmt":"2020-12-09T09:37:19","guid":{"rendered":"https:\/\/test-wp.pulikowski.com\/?product=import-placeholder-for-175"},"modified":"2020-12-09T10:37:36","modified_gmt":"2020-12-09T09:37:36","slug":"nakretka-cylindra-kolanka-wydechowego","status":"publish","type":"product","link":"https:\/\/test-wp.pulikowski.com\/?product=nakretka-cylindra-kolanka-wydechowego","title":{"rendered":"Nakr\u0119tka cylindra, kolanka wydechowego"},"content":{"rendered":"<p>Nakr\u0119tka rade\u0142kowana kolanka wydechowego.<\/p>\n","protected":false},"excerpt":{"rendered":"<p>Nakr\u0119tka rade\u0142kowana kolanka wydechowego.<\/p>\n","protected":false},"featured_media":480,"comment_status":"open","ping_status":"closed","template":"","meta":{"spay_email":""},"_links":{"self":[{"href":"https:\/\/test-wp.pulikowski.com\/index.php?rest_route=\/wp\/v2\/product\/450"}],"collection":[{"href":"https:\/\/test-wp.pulikowski.com\/index.php?rest_route=\/wp\/v2\/product"}],"about":[{"href":"https:\/\/test-wp.pulikowski.com\/index.php?rest_route=\/wp\/v2\/types\/product"}],"replies":[{"embeddable":true,"href":"https:\/\/test-wp.pulikowski.com\/index.php?rest_route=%2Fwp%2Fv2%2Fcomments&post=450"}],"wp:featuredmedia":[{"embeddable":true,"href":"https:\/\/test-wp.pulikowski.com\/index.php?rest_route=\/wp\/v2\/media\/480"}],"wp:attachment":[{"href":"https:\/\/test-wp.pulikowski.com\/index.php?rest_route=%2Fwp%2Fv2%2Fmedia&parent=450"}],"curies":[{"name":"wp","href":"https:\/\/api.w.org\/{rel}","templated":true}]}}