{"id":435,"date":"2020-12-09T10:36:44","date_gmt":"2020-12-09T09:36:44","guid":{"rendered":"https:\/\/test-wp.pulikowski.com\/?product=import-placeholder-for-170"},"modified":"2020-12-09T10:37:32","modified_gmt":"2020-12-09T09:37:32","slug":"napinacz-linki-gazu","status":"publish","type":"product","link":"https:\/\/test-wp.pulikowski.com\/?product=napinacz-linki-gazu","title":{"rendered":"Napinacz linki gazu"},"content":{"rendered":"<p>Napr\u0119\u017ca link\u0119 gazu.<\/p>\n","protected":false},"excerpt":{"rendered":"<p>Napr\u0119\u017ca link\u0119 gazu.<\/p>\n","protected":false},"featured_media":475,"comment_status":"open","ping_status":"closed","template":"","meta":{"spay_email":""},"_links":{"self":[{"href":"https:\/\/test-wp.pulikowski.com\/index.php?rest_route=\/wp\/v2\/product\/435"}],"collection":[{"href":"https:\/\/test-wp.pulikowski.com\/index.php?rest_route=\/wp\/v2\/product"}],"about":[{"href":"https:\/\/test-wp.pulikowski.com\/index.php?rest_route=\/wp\/v2\/types\/product"}],"replies":[{"embeddable":true,"href":"https:\/\/test-wp.pulikowski.com\/index.php?rest_route=%2Fwp%2Fv2%2Fcomments&post=435"}],"wp:featuredmedia":[{"embeddable":true,"href":"https:\/\/test-wp.pulikowski.com\/index.php?rest_route=\/wp\/v2\/media\/475"}],"wp:attachment":[{"href":"https:\/\/test-wp.pulikowski.com\/index.php?rest_route=%2Fwp%2Fv2%2Fmedia&parent=435"}],"curies":[{"name":"wp","href":"https:\/\/api.w.org\/{rel}","templated":true}]}}