{"id":433,"date":"2020-12-09T10:36:44","date_gmt":"2020-12-09T09:36:44","guid":{"rendered":"https:\/\/test-wp.pulikowski.com\/?product=import-placeholder-for-168"},"modified":"2020-12-09T10:37:31","modified_gmt":"2020-12-09T09:37:31","slug":"manszeta-gaznika","status":"publish","type":"product","link":"https:\/\/test-wp.pulikowski.com\/?product=manszeta-gaznika","title":{"rendered":"Manszeta ga\u017anika"},"content":{"rendered":"<p>Gumowy \u0142\u0105cznik stosowany pomi\u0119dzy ga\u017anikiem a filtrem powietrza.<\/p>\n","protected":false},"excerpt":{"rendered":"<p>Gumowy \u0142\u0105cznik stosowany pomi\u0119dzy ga\u017anikiem a filtrem powietrza.<\/p>\n","protected":false},"featured_media":473,"comment_status":"open","ping_status":"closed","template":"","meta":{"spay_email":""},"_links":{"self":[{"href":"https:\/\/test-wp.pulikowski.com\/index.php?rest_route=\/wp\/v2\/product\/433"}],"collection":[{"href":"https:\/\/test-wp.pulikowski.com\/index.php?rest_route=\/wp\/v2\/product"}],"about":[{"href":"https:\/\/test-wp.pulikowski.com\/index.php?rest_route=\/wp\/v2\/types\/product"}],"replies":[{"embeddable":true,"href":"https:\/\/test-wp.pulikowski.com\/index.php?rest_route=%2Fwp%2Fv2%2Fcomments&post=433"}],"wp:featuredmedia":[{"embeddable":true,"href":"https:\/\/test-wp.pulikowski.com\/index.php?rest_route=\/wp\/v2\/media\/473"}],"wp:attachment":[{"href":"https:\/\/test-wp.pulikowski.com\/index.php?rest_route=%2Fwp%2Fv2%2Fmedia&parent=433"}],"curies":[{"name":"wp","href":"https:\/\/api.w.org\/{rel}","templated":true}]}}