{"id":430,"date":"2020-12-09T10:36:43","date_gmt":"2020-12-09T09:36:43","guid":{"rendered":"https:\/\/test-wp.pulikowski.com\/?product=import-placeholder-for-165"},"modified":"2020-12-09T10:37:29","modified_gmt":"2020-12-09T09:37:29","slug":"zestaw-naprawczy-gaznika","status":"publish","type":"product","link":"https:\/\/test-wp.pulikowski.com\/?product=zestaw-naprawczy-gaznika","title":{"rendered":"Zestaw naprawczy ga\u017anika"},"content":{"rendered":"<p>Dysze ga\u017anika , komplet z zaworem odcinaj\u0105cym paliwo, oraz osi\u0105 p\u0142ywaka. Przy zam\u00f3wieniu poda\u00c4\u2021 typ ga\u017anika lub \u015brednic\u0119 przepustnicy (w\u0105ska lub szeroka)<\/p>\n","protected":false},"excerpt":{"rendered":"<p>Dysze ga\u017anika , komplet z zaworem odcinaj\u0105cym paliwo, oraz osi\u0105 p\u0142ywaka. Przy zam\u00f3wieniu poda\u00c4\u2021 typ ga\u017anika lub \u015brednic\u0119 przepustnicy (w\u0105ska lub szeroka)<\/p>\n","protected":false},"featured_media":470,"comment_status":"open","ping_status":"closed","template":"","meta":{"spay_email":""},"_links":{"self":[{"href":"https:\/\/test-wp.pulikowski.com\/index.php?rest_route=\/wp\/v2\/product\/430"}],"collection":[{"href":"https:\/\/test-wp.pulikowski.com\/index.php?rest_route=\/wp\/v2\/product"}],"about":[{"href":"https:\/\/test-wp.pulikowski.com\/index.php?rest_route=\/wp\/v2\/types\/product"}],"replies":[{"embeddable":true,"href":"https:\/\/test-wp.pulikowski.com\/index.php?rest_route=%2Fwp%2Fv2%2Fcomments&post=430"}],"wp:featuredmedia":[{"embeddable":true,"href":"https:\/\/test-wp.pulikowski.com\/index.php?rest_route=\/wp\/v2\/media\/470"}],"wp:attachment":[{"href":"https:\/\/test-wp.pulikowski.com\/index.php?rest_route=%2Fwp%2Fv2%2Fmedia&parent=430"}],"curies":[{"name":"wp","href":"https:\/\/api.w.org\/{rel}","templated":true}]}}