{"id":429,"date":"2020-12-09T10:36:43","date_gmt":"2020-12-09T09:36:43","guid":{"rendered":"https:\/\/test-wp.pulikowski.com\/?product=import-placeholder-for-164"},"modified":"2020-12-09T10:37:28","modified_gmt":"2020-12-09T09:37:28","slug":"dysza-gaznika-szt","status":"publish","type":"product","link":"https:\/\/test-wp.pulikowski.com\/?product=dysza-gaznika-szt","title":{"rendered":"Dysza ga\u017anika szt."},"content":{"rendered":"<p>Dysza ga\u017anika  SIMSON, w zale\u017cno\u015bci od przeznaczenia: cena od 3 do9 z\u0142 za sztuk\u0119. Poda\u00c4\u2021 jaka wysla\u00c4\u2021lub opisa\u00c4\u2021 wygl\u0105d. U gory od lewej: 3,-, 5,-, 5,-, 5,-. Dolna kosztuje 9,-    Os plywaka po lewej, jak mam dorzucam gratis.<\/p>\n","protected":false},"excerpt":{"rendered":"<p>Dysza ga\u017anika SIMSON, w zale\u017cno\u015bci od przeznaczenia: cena od 3 do9 z\u0142 za sztuk\u0119. Poda\u00c4\u2021 jaka wysla\u00c4\u2021lub opisa\u00c4\u2021 wygl\u0105d. U gory od lewej: 3,-, 5,-, 5,-, 5,-. Dolna kosztuje 9,- Os plywaka po lewej, jak mam dorzucam gratis.<\/p>\n","protected":false},"featured_media":469,"comment_status":"open","ping_status":"closed","template":"","meta":{"spay_email":""},"_links":{"self":[{"href":"https:\/\/test-wp.pulikowski.com\/index.php?rest_route=\/wp\/v2\/product\/429"}],"collection":[{"href":"https:\/\/test-wp.pulikowski.com\/index.php?rest_route=\/wp\/v2\/product"}],"about":[{"href":"https:\/\/test-wp.pulikowski.com\/index.php?rest_route=\/wp\/v2\/types\/product"}],"replies":[{"embeddable":true,"href":"https:\/\/test-wp.pulikowski.com\/index.php?rest_route=%2Fwp%2Fv2%2Fcomments&post=429"}],"wp:featuredmedia":[{"embeddable":true,"href":"https:\/\/test-wp.pulikowski.com\/index.php?rest_route=\/wp\/v2\/media\/469"}],"wp:attachment":[{"href":"https:\/\/test-wp.pulikowski.com\/index.php?rest_route=%2Fwp%2Fv2%2Fmedia&parent=429"}],"curies":[{"name":"wp","href":"https:\/\/api.w.org\/{rel}","templated":true}]}}