{"id":428,"date":"2020-12-09T10:36:43","date_gmt":"2020-12-09T09:36:43","guid":{"rendered":"https:\/\/test-wp.pulikowski.com\/?product=import-placeholder-for-163"},"modified":"2020-12-09T10:37:27","modified_gmt":"2020-12-09T09:37:27","slug":"cylinderek-ssania","status":"publish","type":"product","link":"https:\/\/test-wp.pulikowski.com\/?product=cylinderek-ssania","title":{"rendered":"Cylinderek ssania"},"content":{"rendered":"<p>Cylinderek t\u0142oczka ssania  z regulacj\u0105 linki. Nadaje si\u0119 do wszystkich typ\u00f3w ga\u017anik\u00f3w (opr\u00f3\u0142cz BING).<\/p>\n","protected":false},"excerpt":{"rendered":"<p>Cylinderek t\u0142oczka ssania z regulacj\u0105 linki. Nadaje si\u0119 do wszystkich typ\u00f3w ga\u017anik\u00f3w (opr\u00f3\u0142cz BING).<\/p>\n","protected":false},"featured_media":468,"comment_status":"open","ping_status":"closed","template":"","meta":{"spay_email":""},"_links":{"self":[{"href":"https:\/\/test-wp.pulikowski.com\/index.php?rest_route=\/wp\/v2\/product\/428"}],"collection":[{"href":"https:\/\/test-wp.pulikowski.com\/index.php?rest_route=\/wp\/v2\/product"}],"about":[{"href":"https:\/\/test-wp.pulikowski.com\/index.php?rest_route=\/wp\/v2\/types\/product"}],"replies":[{"embeddable":true,"href":"https:\/\/test-wp.pulikowski.com\/index.php?rest_route=%2Fwp%2Fv2%2Fcomments&post=428"}],"wp:featuredmedia":[{"embeddable":true,"href":"https:\/\/test-wp.pulikowski.com\/index.php?rest_route=\/wp\/v2\/media\/468"}],"wp:attachment":[{"href":"https:\/\/test-wp.pulikowski.com\/index.php?rest_route=%2Fwp%2Fv2%2Fmedia&parent=428"}],"curies":[{"name":"wp","href":"https:\/\/api.w.org\/{rel}","templated":true}]}}