{"id":426,"date":"2020-12-09T10:36:42","date_gmt":"2020-12-09T09:36:42","guid":{"rendered":"https:\/\/test-wp.pulikowski.com\/?product=import-placeholder-for-161"},"modified":"2020-12-09T10:37:26","modified_gmt":"2020-12-09T09:37:26","slug":"lozyska-silnika-kpl-s50","status":"publish","type":"product","link":"https:\/\/test-wp.pulikowski.com\/?product=lozyska-silnika-kpl-s50","title":{"rendered":"\u0141o\u017cyska silnika kpl. S50"},"content":{"rendered":"<p>\u0141o\u017cyska silnika  SIMSON S51, komplet.<\/p>\n","protected":false},"excerpt":{"rendered":"<p>\u0141o\u017cyska silnika SIMSON S51, komplet.<\/p>\n","protected":false},"featured_media":466,"comment_status":"open","ping_status":"closed","template":"","meta":{"spay_email":""},"_links":{"self":[{"href":"https:\/\/test-wp.pulikowski.com\/index.php?rest_route=\/wp\/v2\/product\/426"}],"collection":[{"href":"https:\/\/test-wp.pulikowski.com\/index.php?rest_route=\/wp\/v2\/product"}],"about":[{"href":"https:\/\/test-wp.pulikowski.com\/index.php?rest_route=\/wp\/v2\/types\/product"}],"replies":[{"embeddable":true,"href":"https:\/\/test-wp.pulikowski.com\/index.php?rest_route=%2Fwp%2Fv2%2Fcomments&post=426"}],"wp:featuredmedia":[{"embeddable":true,"href":"https:\/\/test-wp.pulikowski.com\/index.php?rest_route=\/wp\/v2\/media\/466"}],"wp:attachment":[{"href":"https:\/\/test-wp.pulikowski.com\/index.php?rest_route=%2Fwp%2Fv2%2Fmedia&parent=426"}],"curies":[{"name":"wp","href":"https:\/\/api.w.org\/{rel}","templated":true}]}}