{"id":424,"date":"2020-12-09T10:36:42","date_gmt":"2020-12-09T09:36:42","guid":{"rendered":"https:\/\/test-wp.pulikowski.com\/?product=import-placeholder-for-159"},"modified":"2020-12-09T10:37:25","modified_gmt":"2020-12-09T09:37:25","slug":"lozysko-sworznia-tloka-oryginalne-skf","status":"publish","type":"product","link":"https:\/\/test-wp.pulikowski.com\/?product=lozysko-sworznia-tloka-oryginalne-skf","title":{"rendered":"\u0141o\u017cysko sworznia t\u0142oka &#8211; oryginalne SKF"},"content":{"rendered":"<p>\u0141o\u017cysko sworznia t\u0142oka  SIMSON S51, SR50 oraznowsze wersje S50.<\/p>\n","protected":false},"excerpt":{"rendered":"<p>\u0141o\u017cysko sworznia t\u0142oka SIMSON S51, SR50 oraznowsze wersje S50.<\/p>\n","protected":false},"featured_media":464,"comment_status":"open","ping_status":"closed","template":"","meta":{"spay_email":""},"_links":{"self":[{"href":"https:\/\/test-wp.pulikowski.com\/index.php?rest_route=\/wp\/v2\/product\/424"}],"collection":[{"href":"https:\/\/test-wp.pulikowski.com\/index.php?rest_route=\/wp\/v2\/product"}],"about":[{"href":"https:\/\/test-wp.pulikowski.com\/index.php?rest_route=\/wp\/v2\/types\/product"}],"replies":[{"embeddable":true,"href":"https:\/\/test-wp.pulikowski.com\/index.php?rest_route=%2Fwp%2Fv2%2Fcomments&post=424"}],"wp:featuredmedia":[{"embeddable":true,"href":"https:\/\/test-wp.pulikowski.com\/index.php?rest_route=\/wp\/v2\/media\/464"}],"wp:attachment":[{"href":"https:\/\/test-wp.pulikowski.com\/index.php?rest_route=%2Fwp%2Fv2%2Fmedia&parent=424"}],"curies":[{"name":"wp","href":"https:\/\/api.w.org\/{rel}","templated":true}]}}