{"id":423,"date":"2020-12-09T10:36:42","date_gmt":"2020-12-09T09:36:42","guid":{"rendered":"https:\/\/test-wp.pulikowski.com\/?product=import-placeholder-for-158"},"modified":"2020-12-09T10:37:24","modified_gmt":"2020-12-09T09:37:24","slug":"lozysko-korbowodu-dolne","status":"publish","type":"product","link":"https:\/\/test-wp.pulikowski.com\/?product=lozysko-korbowodu-dolne","title":{"rendered":"\u0141o\u017cysko korbowodu dolne"},"content":{"rendered":"<p>\u0141o\u017cysko korbowodu  SIMSON, dolne<\/p>\n","protected":false},"excerpt":{"rendered":"<p>\u0141o\u017cysko korbowodu SIMSON, dolne<\/p>\n","protected":false},"featured_media":463,"comment_status":"open","ping_status":"closed","template":"","meta":{"spay_email":""},"_links":{"self":[{"href":"https:\/\/test-wp.pulikowski.com\/index.php?rest_route=\/wp\/v2\/product\/423"}],"collection":[{"href":"https:\/\/test-wp.pulikowski.com\/index.php?rest_route=\/wp\/v2\/product"}],"about":[{"href":"https:\/\/test-wp.pulikowski.com\/index.php?rest_route=\/wp\/v2\/types\/product"}],"replies":[{"embeddable":true,"href":"https:\/\/test-wp.pulikowski.com\/index.php?rest_route=%2Fwp%2Fv2%2Fcomments&post=423"}],"wp:featuredmedia":[{"embeddable":true,"href":"https:\/\/test-wp.pulikowski.com\/index.php?rest_route=\/wp\/v2\/media\/463"}],"wp:attachment":[{"href":"https:\/\/test-wp.pulikowski.com\/index.php?rest_route=%2Fwp%2Fv2%2Fmedia&parent=423"}],"curies":[{"name":"wp","href":"https:\/\/api.w.org\/{rel}","templated":true}]}}