{"id":422,"date":"2020-12-09T10:36:42","date_gmt":"2020-12-09T09:36:42","guid":{"rendered":"https:\/\/test-wp.pulikowski.com\/?product=import-placeholder-for-157"},"modified":"2020-12-09T10:37:23","modified_gmt":"2020-12-09T09:37:23","slug":"zabezpieczenie-zebatki-walu","status":"publish","type":"product","link":"https:\/\/test-wp.pulikowski.com\/?product=zabezpieczenie-zebatki-walu","title":{"rendered":"Zabezpieczenie z\u0119batki wa\u0142u"},"content":{"rendered":"<p>Zabezpieczenie z\u0119batki wa\u0142u przed odkr\u0119ceniem.<\/p>\n","protected":false},"excerpt":{"rendered":"<p>Zabezpieczenie z\u0119batki wa\u0142u przed odkr\u0119ceniem.<\/p>\n","protected":false},"featured_media":462,"comment_status":"open","ping_status":"closed","template":"","meta":{"spay_email":""},"_links":{"self":[{"href":"https:\/\/test-wp.pulikowski.com\/index.php?rest_route=\/wp\/v2\/product\/422"}],"collection":[{"href":"https:\/\/test-wp.pulikowski.com\/index.php?rest_route=\/wp\/v2\/product"}],"about":[{"href":"https:\/\/test-wp.pulikowski.com\/index.php?rest_route=\/wp\/v2\/types\/product"}],"replies":[{"embeddable":true,"href":"https:\/\/test-wp.pulikowski.com\/index.php?rest_route=%2Fwp%2Fv2%2Fcomments&post=422"}],"wp:featuredmedia":[{"embeddable":true,"href":"https:\/\/test-wp.pulikowski.com\/index.php?rest_route=\/wp\/v2\/media\/462"}],"wp:attachment":[{"href":"https:\/\/test-wp.pulikowski.com\/index.php?rest_route=%2Fwp%2Fv2%2Fmedia&parent=422"}],"curies":[{"name":"wp","href":"https:\/\/api.w.org\/{rel}","templated":true}]}}