{"id":418,"date":"2020-12-09T10:36:41","date_gmt":"2020-12-09T09:36:41","guid":{"rendered":"https:\/\/test-wp.pulikowski.com\/?product=import-placeholder-for-153"},"modified":"2020-12-09T10:36:59","modified_gmt":"2020-12-09T09:36:59","slug":"tlok-polski-s51-rozne-wymiary","status":"publish","type":"product","link":"https:\/\/test-wp.pulikowski.com\/?product=tlok-polski-s51-rozne-wymiary","title":{"rendered":"T\u0142ok polski S51 &#8211; r\u00f3\u017cne wymiary"},"content":{"rendered":"<p>T\u0142ok produkcji polskiej. Wszystkie rozmiary i rodzaje.<\/p>\n","protected":false},"excerpt":{"rendered":"<p>T\u0142ok produkcji polskiej. Wszystkie rozmiary i rodzaje.<\/p>\n","protected":false},"featured_media":447,"comment_status":"open","ping_status":"closed","template":"","meta":{"spay_email":""},"_links":{"self":[{"href":"https:\/\/test-wp.pulikowski.com\/index.php?rest_route=\/wp\/v2\/product\/418"}],"collection":[{"href":"https:\/\/test-wp.pulikowski.com\/index.php?rest_route=\/wp\/v2\/product"}],"about":[{"href":"https:\/\/test-wp.pulikowski.com\/index.php?rest_route=\/wp\/v2\/types\/product"}],"replies":[{"embeddable":true,"href":"https:\/\/test-wp.pulikowski.com\/index.php?rest_route=%2Fwp%2Fv2%2Fcomments&post=418"}],"wp:featuredmedia":[{"embeddable":true,"href":"https:\/\/test-wp.pulikowski.com\/index.php?rest_route=\/wp\/v2\/media\/447"}],"wp:attachment":[{"href":"https:\/\/test-wp.pulikowski.com\/index.php?rest_route=%2Fwp%2Fv2%2Fmedia&parent=418"}],"curies":[{"name":"wp","href":"https:\/\/api.w.org\/{rel}","templated":true}]}}