{"id":414,"date":"2020-12-09T10:36:40","date_gmt":"2020-12-09T09:36:40","guid":{"rendered":"https:\/\/test-wp.pulikowski.com\/?product=import-placeholder-for-149"},"modified":"2020-12-09T10:36:56","modified_gmt":"2020-12-09T09:36:56","slug":"sworzen-tloka","status":"publish","type":"product","link":"https:\/\/test-wp.pulikowski.com\/?product=sworzen-tloka","title":{"rendered":"Sworze\u0144 t\u0142oka"},"content":{"rendered":"<p>Sworze\u0144 t\u0142oka. Prosz\u0119 poda\u00c4\u2021 do jakiego typu Simsona, lub \u015brednic\u0119 t\u0142oka.<\/p>\n","protected":false},"excerpt":{"rendered":"<p>Sworze\u0144 t\u0142oka. Prosz\u0119 poda\u00c4\u2021 do jakiego typu Simsona, lub \u015brednic\u0119 t\u0142oka.<\/p>\n","protected":false},"featured_media":443,"comment_status":"open","ping_status":"closed","template":"","meta":{"spay_email":""},"_links":{"self":[{"href":"https:\/\/test-wp.pulikowski.com\/index.php?rest_route=\/wp\/v2\/product\/414"}],"collection":[{"href":"https:\/\/test-wp.pulikowski.com\/index.php?rest_route=\/wp\/v2\/product"}],"about":[{"href":"https:\/\/test-wp.pulikowski.com\/index.php?rest_route=\/wp\/v2\/types\/product"}],"replies":[{"embeddable":true,"href":"https:\/\/test-wp.pulikowski.com\/index.php?rest_route=%2Fwp%2Fv2%2Fcomments&post=414"}],"wp:featuredmedia":[{"embeddable":true,"href":"https:\/\/test-wp.pulikowski.com\/index.php?rest_route=\/wp\/v2\/media\/443"}],"wp:attachment":[{"href":"https:\/\/test-wp.pulikowski.com\/index.php?rest_route=%2Fwp%2Fv2%2Fmedia&parent=414"}],"curies":[{"name":"wp","href":"https:\/\/api.w.org\/{rel}","templated":true}]}}