{"id":413,"date":"2020-12-09T10:36:39","date_gmt":"2020-12-09T09:36:39","guid":{"rendered":"https:\/\/test-wp.pulikowski.com\/?product=import-placeholder-for-148"},"modified":"2020-12-09T10:36:49","modified_gmt":"2020-12-09T09:36:49","slug":"pierscien-tloka-pol","status":"publish","type":"product","link":"https:\/\/test-wp.pulikowski.com\/?product=pierscien-tloka-pol","title":{"rendered":"Pier\u015bcie\u0144 t\u0142oka pol."},"content":{"rendered":"<p>Pier\u015bcie\u0144 t\u0142oka, wszystkie rodzaje oraz rozmiary.   Po zakupieniu prosz\u0119 o podanie modelu i rozmiaru mailem.<\/p>\n","protected":false},"excerpt":{"rendered":"<p>Pier\u015bcie\u0144 t\u0142oka, wszystkie rodzaje oraz rozmiary. Po zakupieniu prosz\u0119 o podanie modelu i rozmiaru mailem.<\/p>\n","protected":false},"featured_media":442,"comment_status":"open","ping_status":"closed","template":"","meta":{"spay_email":""},"_links":{"self":[{"href":"https:\/\/test-wp.pulikowski.com\/index.php?rest_route=\/wp\/v2\/product\/413"}],"collection":[{"href":"https:\/\/test-wp.pulikowski.com\/index.php?rest_route=\/wp\/v2\/product"}],"about":[{"href":"https:\/\/test-wp.pulikowski.com\/index.php?rest_route=\/wp\/v2\/types\/product"}],"replies":[{"embeddable":true,"href":"https:\/\/test-wp.pulikowski.com\/index.php?rest_route=%2Fwp%2Fv2%2Fcomments&post=413"}],"wp:featuredmedia":[{"embeddable":true,"href":"https:\/\/test-wp.pulikowski.com\/index.php?rest_route=\/wp\/v2\/media\/442"}],"wp:attachment":[{"href":"https:\/\/test-wp.pulikowski.com\/index.php?rest_route=%2Fwp%2Fv2%2Fmedia&parent=413"}],"curies":[{"name":"wp","href":"https:\/\/api.w.org\/{rel}","templated":true}]}}