{"id":412,"date":"2020-12-09T10:36:39","date_gmt":"2020-12-09T09:36:39","guid":{"rendered":"https:\/\/test-wp.pulikowski.com\/?product=import-placeholder-for-147"},"modified":"2020-12-09T10:36:48","modified_gmt":"2020-12-09T09:36:48","slug":"pierscien-tloka-niem","status":"publish","type":"product","link":"https:\/\/test-wp.pulikowski.com\/?product=pierscien-tloka-niem","title":{"rendered":"Pier\u015bcie\u0144 t\u0142oka niem."},"content":{"rendered":"<p>Pier\u015bcie\u0144 t\u0142oka, wszystkie rodzaje, do wszystkich typ\u00f3w SIMSONa.   Po zakupieniu prosz\u0119 o podanie modelu irozmiaru mailem.<\/p>\n","protected":false},"excerpt":{"rendered":"<p>Pier\u015bcie\u0144 t\u0142oka, wszystkie rodzaje, do wszystkich typ\u00f3w SIMSONa. Po zakupieniu prosz\u0119 o podanie modelu irozmiaru mailem.<\/p>\n","protected":false},"featured_media":441,"comment_status":"open","ping_status":"closed","template":"","meta":{"spay_email":""},"_links":{"self":[{"href":"https:\/\/test-wp.pulikowski.com\/index.php?rest_route=\/wp\/v2\/product\/412"}],"collection":[{"href":"https:\/\/test-wp.pulikowski.com\/index.php?rest_route=\/wp\/v2\/product"}],"about":[{"href":"https:\/\/test-wp.pulikowski.com\/index.php?rest_route=\/wp\/v2\/types\/product"}],"replies":[{"embeddable":true,"href":"https:\/\/test-wp.pulikowski.com\/index.php?rest_route=%2Fwp%2Fv2%2Fcomments&post=412"}],"wp:featuredmedia":[{"embeddable":true,"href":"https:\/\/test-wp.pulikowski.com\/index.php?rest_route=\/wp\/v2\/media\/441"}],"wp:attachment":[{"href":"https:\/\/test-wp.pulikowski.com\/index.php?rest_route=%2Fwp%2Fv2%2Fmedia&parent=412"}],"curies":[{"name":"wp","href":"https:\/\/api.w.org\/{rel}","templated":true}]}}