{"id":411,"date":"2020-12-09T10:36:39","date_gmt":"2020-12-09T09:36:39","guid":{"rendered":"https:\/\/test-wp.pulikowski.com\/?product=import-placeholder-for-146"},"modified":"2020-12-09T10:36:47","modified_gmt":"2020-12-09T09:36:47","slug":"korbowold-polski","status":"publish","type":"product","link":"https:\/\/test-wp.pulikowski.com\/?product=korbowold-polski","title":{"rendered":"Korbow\u00f3\u0142d polski"},"content":{"rendered":"<p>Korbow\u00f3\u0142d kompletny  produkcji w\u0119gierskiej. W komplet wchodz\u0105: korbow\u00f3\u0142d, sworze\u0144 dolny, \u0142o\u017cysko igie\u0142kowe dolne i g\u00f3\u0142rne.<\/p>\n","protected":false},"excerpt":{"rendered":"<p>Korbow\u00f3\u0142d kompletny produkcji w\u0119gierskiej. W komplet wchodz\u0105: korbow\u00f3\u0142d, sworze\u0144 dolny, \u0142o\u017cysko igie\u0142kowe dolne i g\u00f3\u0142rne.<\/p>\n","protected":false},"featured_media":440,"comment_status":"open","ping_status":"closed","template":"","meta":{"spay_email":""},"_links":{"self":[{"href":"https:\/\/test-wp.pulikowski.com\/index.php?rest_route=\/wp\/v2\/product\/411"}],"collection":[{"href":"https:\/\/test-wp.pulikowski.com\/index.php?rest_route=\/wp\/v2\/product"}],"about":[{"href":"https:\/\/test-wp.pulikowski.com\/index.php?rest_route=\/wp\/v2\/types\/product"}],"replies":[{"embeddable":true,"href":"https:\/\/test-wp.pulikowski.com\/index.php?rest_route=%2Fwp%2Fv2%2Fcomments&post=411"}],"wp:featuredmedia":[{"embeddable":true,"href":"https:\/\/test-wp.pulikowski.com\/index.php?rest_route=\/wp\/v2\/media\/440"}],"wp:attachment":[{"href":"https:\/\/test-wp.pulikowski.com\/index.php?rest_route=%2Fwp%2Fv2%2Fmedia&parent=411"}],"curies":[{"name":"wp","href":"https:\/\/api.w.org\/{rel}","templated":true}]}}