{"id":410,"date":"2020-12-09T10:36:39","date_gmt":"2020-12-09T09:36:39","guid":{"rendered":"https:\/\/test-wp.pulikowski.com\/?product=import-placeholder-for-145"},"modified":"2020-12-09T10:36:47","modified_gmt":"2020-12-09T09:36:47","slug":"korbowold-niemiecki","status":"publish","type":"product","link":"https:\/\/test-wp.pulikowski.com\/?product=korbowold-niemiecki","title":{"rendered":"Korbow\u00f3\u0142d niemiecki"},"content":{"rendered":"<p>Oryginalny, niemiecki korbow\u00f3\u0142d kompletny do wa\u0142u silnika S51. W sk\u0142ad kompletu wchodzi: korbow\u00f3\u0142d, sworze\u0144 dolny, \u0142o\u017cysko igie\u0142kowe dolne i g\u00f3\u0142rne.<\/p>\n","protected":false},"excerpt":{"rendered":"<p>Oryginalny, niemiecki korbow\u00f3\u0142d kompletny do wa\u0142u silnika S51. W sk\u0142ad kompletu wchodzi: korbow\u00f3\u0142d, sworze\u0144 dolny, \u0142o\u017cysko igie\u0142kowe dolne i g\u00f3\u0142rne.<\/p>\n","protected":false},"featured_media":439,"comment_status":"open","ping_status":"closed","template":"","meta":{"spay_email":""},"_links":{"self":[{"href":"https:\/\/test-wp.pulikowski.com\/index.php?rest_route=\/wp\/v2\/product\/410"}],"collection":[{"href":"https:\/\/test-wp.pulikowski.com\/index.php?rest_route=\/wp\/v2\/product"}],"about":[{"href":"https:\/\/test-wp.pulikowski.com\/index.php?rest_route=\/wp\/v2\/types\/product"}],"replies":[{"embeddable":true,"href":"https:\/\/test-wp.pulikowski.com\/index.php?rest_route=%2Fwp%2Fv2%2Fcomments&post=410"}],"wp:featuredmedia":[{"embeddable":true,"href":"https:\/\/test-wp.pulikowski.com\/index.php?rest_route=\/wp\/v2\/media\/439"}],"wp:attachment":[{"href":"https:\/\/test-wp.pulikowski.com\/index.php?rest_route=%2Fwp%2Fv2%2Fmedia&parent=410"}],"curies":[{"name":"wp","href":"https:\/\/api.w.org\/{rel}","templated":true}]}}