{"id":409,"date":"2020-12-09T10:36:38","date_gmt":"2020-12-09T09:36:38","guid":{"rendered":"https:\/\/test-wp.pulikowski.com\/?product=import-placeholder-for-144"},"modified":"2020-12-09T10:36:46","modified_gmt":"2020-12-09T09:36:46","slug":"glowica-s51-niemiecka","status":"publish","type":"product","link":"https:\/\/test-wp.pulikowski.com\/?product=glowica-s51-niemiecka","title":{"rendered":"G\u0142owica S51 niemiecka"},"content":{"rendered":"<p>G\u0142owica do Simsona S51, produkt niemiecki, wysoka jako\u015b\u00c4\u2021. Foto na maila.<\/p>\n","protected":false},"excerpt":{"rendered":"<p>G\u0142owica do Simsona S51, produkt niemiecki, wysoka jako\u015b\u00c4\u2021. Foto na maila.<\/p>\n","protected":false},"featured_media":0,"comment_status":"open","ping_status":"closed","template":"","meta":{"spay_email":""},"_links":{"self":[{"href":"https:\/\/test-wp.pulikowski.com\/index.php?rest_route=\/wp\/v2\/product\/409"}],"collection":[{"href":"https:\/\/test-wp.pulikowski.com\/index.php?rest_route=\/wp\/v2\/product"}],"about":[{"href":"https:\/\/test-wp.pulikowski.com\/index.php?rest_route=\/wp\/v2\/types\/product"}],"replies":[{"embeddable":true,"href":"https:\/\/test-wp.pulikowski.com\/index.php?rest_route=%2Fwp%2Fv2%2Fcomments&post=409"}],"wp:attachment":[{"href":"https:\/\/test-wp.pulikowski.com\/index.php?rest_route=%2Fwp%2Fv2%2Fmedia&parent=409"}],"curies":[{"name":"wp","href":"https:\/\/api.w.org\/{rel}","templated":true}]}}