{"id":375,"date":"2020-12-09T10:36:09","date_gmt":"2020-12-09T09:36:09","guid":{"rendered":"https:\/\/test-wp.pulikowski.com\/?product=import-placeholder-for-140"},"modified":"2020-12-09T10:36:27","modified_gmt":"2020-12-09T09:36:27","slug":"blaszka-sworznia-tloka-kpl","status":"publish","type":"product","link":"https:\/\/test-wp.pulikowski.com\/?product=blaszka-sworznia-tloka-kpl","title":{"rendered":"Blaszka sworznia t\u0142oka &#8211; kpl."},"content":{"rendered":"<p>Stalowa blaszka. Nadaje si\u0119 do wszystkich typ\u00f3w SIMSON\u00f3w, kt\u00f3\u0142re posiadaj\u0105 \u0142o\u017cysko sworznia.<\/p>\n","protected":false},"excerpt":{"rendered":"<p>Stalowa blaszka. Nadaje si\u0119 do wszystkich typ\u00f3w SIMSON\u00f3w, kt\u00f3\u0142re posiadaj\u0105 \u0142o\u017cysko sworznia.<\/p>\n","protected":false},"featured_media":405,"comment_status":"open","ping_status":"closed","template":"","meta":{"spay_email":""},"_links":{"self":[{"href":"https:\/\/test-wp.pulikowski.com\/index.php?rest_route=\/wp\/v2\/product\/375"}],"collection":[{"href":"https:\/\/test-wp.pulikowski.com\/index.php?rest_route=\/wp\/v2\/product"}],"about":[{"href":"https:\/\/test-wp.pulikowski.com\/index.php?rest_route=\/wp\/v2\/types\/product"}],"replies":[{"embeddable":true,"href":"https:\/\/test-wp.pulikowski.com\/index.php?rest_route=%2Fwp%2Fv2%2Fcomments&post=375"}],"wp:featuredmedia":[{"embeddable":true,"href":"https:\/\/test-wp.pulikowski.com\/index.php?rest_route=\/wp\/v2\/media\/405"}],"wp:attachment":[{"href":"https:\/\/test-wp.pulikowski.com\/index.php?rest_route=%2Fwp%2Fv2%2Fmedia&parent=375"}],"curies":[{"name":"wp","href":"https:\/\/api.w.org\/{rel}","templated":true}]}}