{"id":372,"date":"2020-12-09T10:36:09","date_gmt":"2020-12-09T09:36:09","guid":{"rendered":"https:\/\/test-wp.pulikowski.com\/?product=import-placeholder-for-137"},"modified":"2020-12-09T10:36:25","modified_gmt":"2020-12-09T09:36:25","slug":"simmeringi-s50-niem","status":"publish","type":"product","link":"https:\/\/test-wp.pulikowski.com\/?product=simmeringi-s50-niem","title":{"rendered":"Simmeringi S50 niem."},"content":{"rendered":"<p>Simmeringi uszczelniaj\u0105ce wa\u0142, wa\u0142ek zdawczy i tulej\u0119d\u017awigni bieg\u00f3w. W komplecie znajduje si\u0119 oring na wa\u0142ek startera. (na zdj\u0119ciu czarny kolor zestawu &#8211; po prawej)<\/p>\n","protected":false},"excerpt":{"rendered":"<p>Simmeringi uszczelniaj\u0105ce wa\u0142, wa\u0142ek zdawczy i tulej\u0119d\u017awigni bieg\u00f3w. W komplecie znajduje si\u0119 oring na wa\u0142ek startera. (na zdj\u0119ciu czarny kolor zestawu &#8211; po prawej)<\/p>\n","protected":false},"featured_media":402,"comment_status":"open","ping_status":"closed","template":"","meta":{"spay_email":""},"_links":{"self":[{"href":"https:\/\/test-wp.pulikowski.com\/index.php?rest_route=\/wp\/v2\/product\/372"}],"collection":[{"href":"https:\/\/test-wp.pulikowski.com\/index.php?rest_route=\/wp\/v2\/product"}],"about":[{"href":"https:\/\/test-wp.pulikowski.com\/index.php?rest_route=\/wp\/v2\/types\/product"}],"replies":[{"embeddable":true,"href":"https:\/\/test-wp.pulikowski.com\/index.php?rest_route=%2Fwp%2Fv2%2Fcomments&post=372"}],"wp:featuredmedia":[{"embeddable":true,"href":"https:\/\/test-wp.pulikowski.com\/index.php?rest_route=\/wp\/v2\/media\/402"}],"wp:attachment":[{"href":"https:\/\/test-wp.pulikowski.com\/index.php?rest_route=%2Fwp%2Fv2%2Fmedia&parent=372"}],"curies":[{"name":"wp","href":"https:\/\/api.w.org\/{rel}","templated":true}]}}