{"id":370,"date":"2020-12-09T10:36:08","date_gmt":"2020-12-09T09:36:08","guid":{"rendered":"https:\/\/test-wp.pulikowski.com\/?product=import-placeholder-for-135"},"modified":"2020-12-09T10:36:24","modified_gmt":"2020-12-09T09:36:24","slug":"fajka-swiecy-oryginalna-aka","status":"publish","type":"product","link":"https:\/\/test-wp.pulikowski.com\/?product=fajka-swiecy-oryginalna-aka","title":{"rendered":"Fajka \u015bwiecy oryginalna AKA"},"content":{"rendered":"<p>Fajka \u015bwiecy  oryginalna (niemiecka). Nadaje si\u0119 do wszystkich typ\u00f3w jedno\u015blad\u00f3w.<\/p>\n","protected":false},"excerpt":{"rendered":"<p>Fajka \u015bwiecy oryginalna (niemiecka). Nadaje si\u0119 do wszystkich typ\u00f3w jedno\u015blad\u00f3w.<\/p>\n","protected":false},"featured_media":400,"comment_status":"open","ping_status":"closed","template":"","meta":{"spay_email":""},"_links":{"self":[{"href":"https:\/\/test-wp.pulikowski.com\/index.php?rest_route=\/wp\/v2\/product\/370"}],"collection":[{"href":"https:\/\/test-wp.pulikowski.com\/index.php?rest_route=\/wp\/v2\/product"}],"about":[{"href":"https:\/\/test-wp.pulikowski.com\/index.php?rest_route=\/wp\/v2\/types\/product"}],"replies":[{"embeddable":true,"href":"https:\/\/test-wp.pulikowski.com\/index.php?rest_route=%2Fwp%2Fv2%2Fcomments&post=370"}],"wp:featuredmedia":[{"embeddable":true,"href":"https:\/\/test-wp.pulikowski.com\/index.php?rest_route=\/wp\/v2\/media\/400"}],"wp:attachment":[{"href":"https:\/\/test-wp.pulikowski.com\/index.php?rest_route=%2Fwp%2Fv2%2Fmedia&parent=370"}],"curies":[{"name":"wp","href":"https:\/\/api.w.org\/{rel}","templated":true}]}}