{"id":367,"date":"2020-12-09T10:36:08","date_gmt":"2020-12-09T09:36:08","guid":{"rendered":"https:\/\/test-wp.pulikowski.com\/?product=import-placeholder-for-132"},"modified":"2020-12-09T10:36:22","modified_gmt":"2020-12-09T09:36:22","slug":"zabezp-docisku-sprzegla","status":"publish","type":"product","link":"https:\/\/test-wp.pulikowski.com\/?product=zabezp-docisku-sprzegla","title":{"rendered":"Zabezp. docisku sprzegla"},"content":{"rendered":"<p>Zabezpieczenie docisku sprz\u0119g\u0142a (s\u0142oneczka).<\/p>\n","protected":false},"excerpt":{"rendered":"<p>Zabezpieczenie docisku sprz\u0119g\u0142a (s\u0142oneczka).<\/p>\n","protected":false},"featured_media":397,"comment_status":"open","ping_status":"closed","template":"","meta":{"spay_email":""},"_links":{"self":[{"href":"https:\/\/test-wp.pulikowski.com\/index.php?rest_route=\/wp\/v2\/product\/367"}],"collection":[{"href":"https:\/\/test-wp.pulikowski.com\/index.php?rest_route=\/wp\/v2\/product"}],"about":[{"href":"https:\/\/test-wp.pulikowski.com\/index.php?rest_route=\/wp\/v2\/types\/product"}],"replies":[{"embeddable":true,"href":"https:\/\/test-wp.pulikowski.com\/index.php?rest_route=%2Fwp%2Fv2%2Fcomments&post=367"}],"wp:featuredmedia":[{"embeddable":true,"href":"https:\/\/test-wp.pulikowski.com\/index.php?rest_route=\/wp\/v2\/media\/397"}],"wp:attachment":[{"href":"https:\/\/test-wp.pulikowski.com\/index.php?rest_route=%2Fwp%2Fv2%2Fmedia&parent=367"}],"curies":[{"name":"wp","href":"https:\/\/api.w.org\/{rel}","templated":true}]}}