{"id":366,"date":"2020-12-09T10:36:07","date_gmt":"2020-12-09T09:36:07","guid":{"rendered":"https:\/\/test-wp.pulikowski.com\/?product=import-placeholder-for-131"},"modified":"2020-12-09T10:36:21","modified_gmt":"2020-12-09T09:36:21","slug":"tarcza-sprzegla-duo","status":"publish","type":"product","link":"https:\/\/test-wp.pulikowski.com\/?product=tarcza-sprzegla-duo","title":{"rendered":"Tarcza sprz\u0119g\u0142a DUO"},"content":{"rendered":"<p>Tarcza sprz\u0119g\u0142a DUO4, oryginalna.<\/p>\n","protected":false},"excerpt":{"rendered":"<p>Tarcza sprz\u0119g\u0142a DUO4, oryginalna.<\/p>\n","protected":false},"featured_media":396,"comment_status":"open","ping_status":"closed","template":"","meta":{"spay_email":""},"_links":{"self":[{"href":"https:\/\/test-wp.pulikowski.com\/index.php?rest_route=\/wp\/v2\/product\/366"}],"collection":[{"href":"https:\/\/test-wp.pulikowski.com\/index.php?rest_route=\/wp\/v2\/product"}],"about":[{"href":"https:\/\/test-wp.pulikowski.com\/index.php?rest_route=\/wp\/v2\/types\/product"}],"replies":[{"embeddable":true,"href":"https:\/\/test-wp.pulikowski.com\/index.php?rest_route=%2Fwp%2Fv2%2Fcomments&post=366"}],"wp:featuredmedia":[{"embeddable":true,"href":"https:\/\/test-wp.pulikowski.com\/index.php?rest_route=\/wp\/v2\/media\/396"}],"wp:attachment":[{"href":"https:\/\/test-wp.pulikowski.com\/index.php?rest_route=%2Fwp%2Fv2%2Fmedia&parent=366"}],"curies":[{"name":"wp","href":"https:\/\/api.w.org\/{rel}","templated":true}]}}