{"id":364,"date":"2020-12-09T10:36:07","date_gmt":"2020-12-09T09:36:07","guid":{"rendered":"https:\/\/test-wp.pulikowski.com\/?product=import-placeholder-for-129"},"modified":"2020-12-09T10:36:20","modified_gmt":"2020-12-09T09:36:20","slug":"sprezyna-sprzegla-centralna","status":"publish","type":"product","link":"https:\/\/test-wp.pulikowski.com\/?product=sprezyna-sprzegla-centralna","title":{"rendered":"Spr\u0119\u017cyna sprz\u0119g\u0142a centralna"},"content":{"rendered":"<p>Spr\u0119\u017cyna sprz\u0119g\u0142a centralna, oryginalna.<\/p>\n","protected":false},"excerpt":{"rendered":"<p>Spr\u0119\u017cyna sprz\u0119g\u0142a centralna, oryginalna.<\/p>\n","protected":false},"featured_media":394,"comment_status":"open","ping_status":"closed","template":"","meta":{"spay_email":""},"_links":{"self":[{"href":"https:\/\/test-wp.pulikowski.com\/index.php?rest_route=\/wp\/v2\/product\/364"}],"collection":[{"href":"https:\/\/test-wp.pulikowski.com\/index.php?rest_route=\/wp\/v2\/product"}],"about":[{"href":"https:\/\/test-wp.pulikowski.com\/index.php?rest_route=\/wp\/v2\/types\/product"}],"replies":[{"embeddable":true,"href":"https:\/\/test-wp.pulikowski.com\/index.php?rest_route=%2Fwp%2Fv2%2Fcomments&post=364"}],"wp:featuredmedia":[{"embeddable":true,"href":"https:\/\/test-wp.pulikowski.com\/index.php?rest_route=\/wp\/v2\/media\/394"}],"wp:attachment":[{"href":"https:\/\/test-wp.pulikowski.com\/index.php?rest_route=%2Fwp%2Fv2%2Fmedia&parent=364"}],"curies":[{"name":"wp","href":"https:\/\/api.w.org\/{rel}","templated":true}]}}