{"id":363,"date":"2020-12-09T10:36:07","date_gmt":"2020-12-09T09:36:07","guid":{"rendered":"https:\/\/test-wp.pulikowski.com\/?product=import-placeholder-for-128"},"modified":"2020-12-09T10:36:20","modified_gmt":"2020-12-09T09:36:20","slug":"docisk-sprzegla","status":"publish","type":"product","link":"https:\/\/test-wp.pulikowski.com\/?product=docisk-sprzegla","title":{"rendered":"Docisk sprz\u0119g\u0142a"},"content":{"rendered":"<p>Docisk sprz\u0119g\u0142a  SIMSON S50 i S51.<\/p>\n","protected":false},"excerpt":{"rendered":"<p>Docisk sprz\u0119g\u0142a SIMSON S50 i S51.<\/p>\n","protected":false},"featured_media":393,"comment_status":"open","ping_status":"closed","template":"","meta":{"spay_email":""},"_links":{"self":[{"href":"https:\/\/test-wp.pulikowski.com\/index.php?rest_route=\/wp\/v2\/product\/363"}],"collection":[{"href":"https:\/\/test-wp.pulikowski.com\/index.php?rest_route=\/wp\/v2\/product"}],"about":[{"href":"https:\/\/test-wp.pulikowski.com\/index.php?rest_route=\/wp\/v2\/types\/product"}],"replies":[{"embeddable":true,"href":"https:\/\/test-wp.pulikowski.com\/index.php?rest_route=%2Fwp%2Fv2%2Fcomments&post=363"}],"wp:featuredmedia":[{"embeddable":true,"href":"https:\/\/test-wp.pulikowski.com\/index.php?rest_route=\/wp\/v2\/media\/393"}],"wp:attachment":[{"href":"https:\/\/test-wp.pulikowski.com\/index.php?rest_route=%2Fwp%2Fv2%2Fmedia&parent=363"}],"curies":[{"name":"wp","href":"https:\/\/api.w.org\/{rel}","templated":true}]}}