{"id":361,"date":"2020-12-09T10:36:06","date_gmt":"2020-12-09T09:36:06","guid":{"rendered":"https:\/\/test-wp.pulikowski.com\/?product=import-placeholder-for-126"},"modified":"2020-12-09T10:36:18","modified_gmt":"2020-12-09T09:36:18","slug":"walek-sprzegla-s51-oryginalny-mza","status":"publish","type":"product","link":"https:\/\/test-wp.pulikowski.com\/?product=walek-sprzegla-s51-oryginalny-mza","title":{"rendered":"Wa\u0142ek sprz\u0119g\u0142a S51 oryginalny MZA"},"content":{"rendered":"<p>Wa\u0142ek sprz\u0119g\u0142owy S51, oryginalny.<\/p>\n","protected":false},"excerpt":{"rendered":"<p>Wa\u0142ek sprz\u0119g\u0142owy S51, oryginalny.<\/p>\n","protected":false},"featured_media":391,"comment_status":"open","ping_status":"closed","template":"","meta":{"spay_email":""},"_links":{"self":[{"href":"https:\/\/test-wp.pulikowski.com\/index.php?rest_route=\/wp\/v2\/product\/361"}],"collection":[{"href":"https:\/\/test-wp.pulikowski.com\/index.php?rest_route=\/wp\/v2\/product"}],"about":[{"href":"https:\/\/test-wp.pulikowski.com\/index.php?rest_route=\/wp\/v2\/types\/product"}],"replies":[{"embeddable":true,"href":"https:\/\/test-wp.pulikowski.com\/index.php?rest_route=%2Fwp%2Fv2%2Fcomments&post=361"}],"wp:featuredmedia":[{"embeddable":true,"href":"https:\/\/test-wp.pulikowski.com\/index.php?rest_route=\/wp\/v2\/media\/391"}],"wp:attachment":[{"href":"https:\/\/test-wp.pulikowski.com\/index.php?rest_route=%2Fwp%2Fv2%2Fmedia&parent=361"}],"curies":[{"name":"wp","href":"https:\/\/api.w.org\/{rel}","templated":true}]}}