{"id":360,"date":"2020-12-09T10:36:06","date_gmt":"2020-12-09T09:36:06","guid":{"rendered":"https:\/\/test-wp.pulikowski.com\/?product=import-placeholder-for-125"},"modified":"2020-12-09T10:36:18","modified_gmt":"2020-12-09T09:36:18","slug":"walek-rozporowy-skrzyni","status":"publish","type":"product","link":"https:\/\/test-wp.pulikowski.com\/?product=walek-rozporowy-skrzyni","title":{"rendered":"Wa\u0142ek rozporowy skrzyni"},"content":{"rendered":"<p>Wa\u0142ek rozporowy skrzyni bieg\u00f3w w wersji 4 lub 5 biegowej (na zdj\u0119ciu),przy zamawianiu nie zapomnij poda\u00c4\u2021 ile bieg\u00f3wma Tw\u00f3\u0142j pojazd.Mamy te\u017c ca\u0142e kompletne skrzynie pi\u0119ciobiegowe, zadzwo\u0144 pod 095 769 0267<\/p>\n","protected":false},"excerpt":{"rendered":"<p>Wa\u0142ek rozporowy skrzyni bieg\u00f3w w wersji 4 lub 5 biegowej (na zdj\u0119ciu),przy zamawianiu nie zapomnij poda\u00c4\u2021 ile bieg\u00f3wma Tw\u00f3\u0142j pojazd.Mamy te\u017c ca\u0142e kompletne skrzynie pi\u0119ciobiegowe, zadzwo\u0144 pod 095 769 0267<\/p>\n","protected":false},"featured_media":390,"comment_status":"open","ping_status":"closed","template":"","meta":{"spay_email":""},"_links":{"self":[{"href":"https:\/\/test-wp.pulikowski.com\/index.php?rest_route=\/wp\/v2\/product\/360"}],"collection":[{"href":"https:\/\/test-wp.pulikowski.com\/index.php?rest_route=\/wp\/v2\/product"}],"about":[{"href":"https:\/\/test-wp.pulikowski.com\/index.php?rest_route=\/wp\/v2\/types\/product"}],"replies":[{"embeddable":true,"href":"https:\/\/test-wp.pulikowski.com\/index.php?rest_route=%2Fwp%2Fv2%2Fcomments&post=360"}],"wp:featuredmedia":[{"embeddable":true,"href":"https:\/\/test-wp.pulikowski.com\/index.php?rest_route=\/wp\/v2\/media\/390"}],"wp:attachment":[{"href":"https:\/\/test-wp.pulikowski.com\/index.php?rest_route=%2Fwp%2Fv2%2Fmedia&parent=360"}],"curies":[{"name":"wp","href":"https:\/\/api.w.org\/{rel}","templated":true}]}}