{"id":358,"date":"2020-12-09T10:36:06","date_gmt":"2020-12-09T09:36:06","guid":{"rendered":"https:\/\/test-wp.pulikowski.com\/?product=import-placeholder-for-123"},"modified":"2020-12-09T10:36:16","modified_gmt":"2020-12-09T09:36:16","slug":"seeger-bebna-biegow","status":"publish","type":"product","link":"https:\/\/test-wp.pulikowski.com\/?product=seeger-bebna-biegow","title":{"rendered":"Seeger b\u0119bna bieg\u00f3w"},"content":{"rendered":"<p>Seeger b\u0119bna, zabezpieczenie. Trzyma beben biegowy w odpowiedniej pozycji. Do Simson\u00f3w S51, SR50 3 i 4 biegowych (nie ma go w S50)<\/p>\n","protected":false},"excerpt":{"rendered":"<p>Seeger b\u0119bna, zabezpieczenie. Trzyma beben biegowy w odpowiedniej pozycji. Do Simson\u00f3w S51, SR50 3 i 4 biegowych (nie ma go w S50)<\/p>\n","protected":false},"featured_media":388,"comment_status":"open","ping_status":"closed","template":"","meta":{"spay_email":""},"_links":{"self":[{"href":"https:\/\/test-wp.pulikowski.com\/index.php?rest_route=\/wp\/v2\/product\/358"}],"collection":[{"href":"https:\/\/test-wp.pulikowski.com\/index.php?rest_route=\/wp\/v2\/product"}],"about":[{"href":"https:\/\/test-wp.pulikowski.com\/index.php?rest_route=\/wp\/v2\/types\/product"}],"replies":[{"embeddable":true,"href":"https:\/\/test-wp.pulikowski.com\/index.php?rest_route=%2Fwp%2Fv2%2Fcomments&post=358"}],"wp:featuredmedia":[{"embeddable":true,"href":"https:\/\/test-wp.pulikowski.com\/index.php?rest_route=\/wp\/v2\/media\/388"}],"wp:attachment":[{"href":"https:\/\/test-wp.pulikowski.com\/index.php?rest_route=%2Fwp%2Fv2%2Fmedia&parent=358"}],"curies":[{"name":"wp","href":"https:\/\/api.w.org\/{rel}","templated":true}]}}