{"id":356,"date":"2020-12-09T10:36:05","date_gmt":"2020-12-09T09:36:05","guid":{"rendered":"https:\/\/test-wp.pulikowski.com\/?product=import-placeholder-for-121"},"modified":"2020-12-09T10:36:15","modified_gmt":"2020-12-09T09:36:15","slug":"os-startera-s50","status":"publish","type":"product","link":"https:\/\/test-wp.pulikowski.com\/?product=os-startera-s50","title":{"rendered":"O\u015b startera S50"},"content":{"rendered":"<p>O\u015b startera do Simsona S50 trzybiegowego z p\u00f3\u0142ksi\u0119\u017cycem. Nowa dostawa.<\/p>\n","protected":false},"excerpt":{"rendered":"<p>O\u015b startera do Simsona S50 trzybiegowego z p\u00f3\u0142ksi\u0119\u017cycem. Nowa dostawa.<\/p>\n","protected":false},"featured_media":386,"comment_status":"open","ping_status":"closed","template":"","meta":{"spay_email":""},"_links":{"self":[{"href":"https:\/\/test-wp.pulikowski.com\/index.php?rest_route=\/wp\/v2\/product\/356"}],"collection":[{"href":"https:\/\/test-wp.pulikowski.com\/index.php?rest_route=\/wp\/v2\/product"}],"about":[{"href":"https:\/\/test-wp.pulikowski.com\/index.php?rest_route=\/wp\/v2\/types\/product"}],"replies":[{"embeddable":true,"href":"https:\/\/test-wp.pulikowski.com\/index.php?rest_route=%2Fwp%2Fv2%2Fcomments&post=356"}],"wp:featuredmedia":[{"embeddable":true,"href":"https:\/\/test-wp.pulikowski.com\/index.php?rest_route=\/wp\/v2\/media\/386"}],"wp:attachment":[{"href":"https:\/\/test-wp.pulikowski.com\/index.php?rest_route=%2Fwp%2Fv2%2Fmedia&parent=356"}],"curies":[{"name":"wp","href":"https:\/\/api.w.org\/{rel}","templated":true}]}}