{"id":355,"date":"2020-12-09T10:36:05","date_gmt":"2020-12-09T09:36:05","guid":{"rendered":"https:\/\/test-wp.pulikowski.com\/?product=import-placeholder-for-120"},"modified":"2020-12-09T10:36:15","modified_gmt":"2020-12-09T09:36:15","slug":"kulki-biegow-komplet","status":"publish","type":"product","link":"https:\/\/test-wp.pulikowski.com\/?product=kulki-biegow-komplet","title":{"rendered":"Kulki bieg\u00f3w komplet"},"content":{"rendered":"<p>Kulki bieg\u00f3w  do silnika S51. Komplet do skrzyni 4-bieg, to 12 sztuk + 4 ma\u0142e. Cena za komplet 12 du\u017ce+4ma\u0142e=16 szt. Okazja!<\/p>\n","protected":false},"excerpt":{"rendered":"<p>Kulki bieg\u00f3w do silnika S51. Komplet do skrzyni 4-bieg, to 12 sztuk + 4 ma\u0142e. Cena za komplet 12 du\u017ce+4ma\u0142e=16 szt. Okazja!<\/p>\n","protected":false},"featured_media":385,"comment_status":"open","ping_status":"closed","template":"","meta":{"spay_email":""},"_links":{"self":[{"href":"https:\/\/test-wp.pulikowski.com\/index.php?rest_route=\/wp\/v2\/product\/355"}],"collection":[{"href":"https:\/\/test-wp.pulikowski.com\/index.php?rest_route=\/wp\/v2\/product"}],"about":[{"href":"https:\/\/test-wp.pulikowski.com\/index.php?rest_route=\/wp\/v2\/types\/product"}],"replies":[{"embeddable":true,"href":"https:\/\/test-wp.pulikowski.com\/index.php?rest_route=%2Fwp%2Fv2%2Fcomments&post=355"}],"wp:featuredmedia":[{"embeddable":true,"href":"https:\/\/test-wp.pulikowski.com\/index.php?rest_route=\/wp\/v2\/media\/385"}],"wp:attachment":[{"href":"https:\/\/test-wp.pulikowski.com\/index.php?rest_route=%2Fwp%2Fv2%2Fmedia&parent=355"}],"curies":[{"name":"wp","href":"https:\/\/api.w.org\/{rel}","templated":true}]}}