{"id":354,"date":"2020-12-09T10:36:05","date_gmt":"2020-12-09T09:36:05","guid":{"rendered":"https:\/\/test-wp.pulikowski.com\/?product=import-placeholder-for-119"},"modified":"2020-12-09T10:36:14","modified_gmt":"2020-12-09T09:36:14","slug":"grzechotka-przesuwna","status":"publish","type":"product","link":"https:\/\/test-wp.pulikowski.com\/?product=grzechotka-przesuwna","title":{"rendered":"Grzechotka przesuwna"},"content":{"rendered":"<p>Grzechotka przesuwna,  cz\u0119\u015b\u00c4\u2021 rozrusznika no\u017cnego. Nie pasuje do S50.<\/p>\n","protected":false},"excerpt":{"rendered":"<p>Grzechotka przesuwna, cz\u0119\u015b\u00c4\u2021 rozrusznika no\u017cnego. Nie pasuje do S50.<\/p>\n","protected":false},"featured_media":384,"comment_status":"open","ping_status":"closed","template":"","meta":{"spay_email":""},"_links":{"self":[{"href":"https:\/\/test-wp.pulikowski.com\/index.php?rest_route=\/wp\/v2\/product\/354"}],"collection":[{"href":"https:\/\/test-wp.pulikowski.com\/index.php?rest_route=\/wp\/v2\/product"}],"about":[{"href":"https:\/\/test-wp.pulikowski.com\/index.php?rest_route=\/wp\/v2\/types\/product"}],"replies":[{"embeddable":true,"href":"https:\/\/test-wp.pulikowski.com\/index.php?rest_route=%2Fwp%2Fv2%2Fcomments&post=354"}],"wp:featuredmedia":[{"embeddable":true,"href":"https:\/\/test-wp.pulikowski.com\/index.php?rest_route=\/wp\/v2\/media\/384"}],"wp:attachment":[{"href":"https:\/\/test-wp.pulikowski.com\/index.php?rest_route=%2Fwp%2Fv2%2Fmedia&parent=354"}],"curies":[{"name":"wp","href":"https:\/\/api.w.org\/{rel}","templated":true}]}}