{"id":352,"date":"2020-12-09T10:36:04","date_gmt":"2020-12-09T09:36:04","guid":{"rendered":"https:\/\/test-wp.pulikowski.com\/?product=import-placeholder-for-117"},"modified":"2020-12-09T10:36:13","modified_gmt":"2020-12-09T09:36:13","slug":"dzwignia-biegow-sr-mala","status":"publish","type":"product","link":"https:\/\/test-wp.pulikowski.com\/?product=dzwignia-biegow-sr-mala","title":{"rendered":"D\u017awignia bieg\u00f3w SR (ma\u0142a)"},"content":{"rendered":"<p>D\u017awignia bieg\u00f3w kr\u00f3\u0142tka  (przy silniku). Wyst\u0119puje w SIMSONie SR50.<\/p>\n","protected":false},"excerpt":{"rendered":"<p>D\u017awignia bieg\u00f3w kr\u00f3\u0142tka (przy silniku). Wyst\u0119puje w SIMSONie SR50.<\/p>\n","protected":false},"featured_media":382,"comment_status":"open","ping_status":"closed","template":"","meta":{"spay_email":""},"_links":{"self":[{"href":"https:\/\/test-wp.pulikowski.com\/index.php?rest_route=\/wp\/v2\/product\/352"}],"collection":[{"href":"https:\/\/test-wp.pulikowski.com\/index.php?rest_route=\/wp\/v2\/product"}],"about":[{"href":"https:\/\/test-wp.pulikowski.com\/index.php?rest_route=\/wp\/v2\/types\/product"}],"replies":[{"embeddable":true,"href":"https:\/\/test-wp.pulikowski.com\/index.php?rest_route=%2Fwp%2Fv2%2Fcomments&post=352"}],"wp:featuredmedia":[{"embeddable":true,"href":"https:\/\/test-wp.pulikowski.com\/index.php?rest_route=\/wp\/v2\/media\/382"}],"wp:attachment":[{"href":"https:\/\/test-wp.pulikowski.com\/index.php?rest_route=%2Fwp%2Fv2%2Fmedia&parent=352"}],"curies":[{"name":"wp","href":"https:\/\/api.w.org\/{rel}","templated":true}]}}