{"id":351,"date":"2020-12-09T10:36:04","date_gmt":"2020-12-09T09:36:04","guid":{"rendered":"https:\/\/test-wp.pulikowski.com\/?product=import-placeholder-for-116"},"modified":"2020-12-09T10:36:12","modified_gmt":"2020-12-09T09:36:12","slug":"dzwignia-biegow-s50-s51","status":"publish","type":"product","link":"https:\/\/test-wp.pulikowski.com\/?product=dzwignia-biegow-s50-s51","title":{"rendered":"D\u017awignia bieg\u00f3w S50\/S51"},"content":{"rendered":"<p>D\u017awignia bieg\u00f3w  S51 lub S50. Przy zakupie poda\u00c4\u2021 typ sinika.<\/p>\n","protected":false},"excerpt":{"rendered":"<p>D\u017awignia bieg\u00f3w S51 lub S50. Przy zakupie poda\u00c4\u2021 typ sinika.<\/p>\n","protected":false},"featured_media":381,"comment_status":"open","ping_status":"closed","template":"","meta":{"spay_email":""},"_links":{"self":[{"href":"https:\/\/test-wp.pulikowski.com\/index.php?rest_route=\/wp\/v2\/product\/351"}],"collection":[{"href":"https:\/\/test-wp.pulikowski.com\/index.php?rest_route=\/wp\/v2\/product"}],"about":[{"href":"https:\/\/test-wp.pulikowski.com\/index.php?rest_route=\/wp\/v2\/types\/product"}],"replies":[{"embeddable":true,"href":"https:\/\/test-wp.pulikowski.com\/index.php?rest_route=%2Fwp%2Fv2%2Fcomments&post=351"}],"wp:featuredmedia":[{"embeddable":true,"href":"https:\/\/test-wp.pulikowski.com\/index.php?rest_route=\/wp\/v2\/media\/381"}],"wp:attachment":[{"href":"https:\/\/test-wp.pulikowski.com\/index.php?rest_route=%2Fwp%2Fv2%2Fmedia&parent=351"}],"curies":[{"name":"wp","href":"https:\/\/api.w.org\/{rel}","templated":true}]}}