{"id":349,"date":"2020-12-09T10:36:04","date_gmt":"2020-12-09T09:36:04","guid":{"rendered":"https:\/\/test-wp.pulikowski.com\/?product=import-placeholder-for-114"},"modified":"2020-12-09T10:36:11","modified_gmt":"2020-12-09T09:36:11","slug":"agrafka-slimaka","status":"publish","type":"product","link":"https:\/\/test-wp.pulikowski.com\/?product=agrafka-slimaka","title":{"rendered":"Agrafka \u015blimaka"},"content":{"rendered":"<p>Agrafka  zabezpiecza \u015blimacznic\u0119 przed wypadni\u0119ciem po zdj\u0119ciu obudowy iskrownika.<\/p>\n","protected":false},"excerpt":{"rendered":"<p>Agrafka zabezpiecza \u015blimacznic\u0119 przed wypadni\u0119ciem po zdj\u0119ciu obudowy iskrownika.<\/p>\n","protected":false},"featured_media":379,"comment_status":"open","ping_status":"closed","template":"","meta":{"spay_email":""},"_links":{"self":[{"href":"https:\/\/test-wp.pulikowski.com\/index.php?rest_route=\/wp\/v2\/product\/349"}],"collection":[{"href":"https:\/\/test-wp.pulikowski.com\/index.php?rest_route=\/wp\/v2\/product"}],"about":[{"href":"https:\/\/test-wp.pulikowski.com\/index.php?rest_route=\/wp\/v2\/types\/product"}],"replies":[{"embeddable":true,"href":"https:\/\/test-wp.pulikowski.com\/index.php?rest_route=%2Fwp%2Fv2%2Fcomments&post=349"}],"wp:featuredmedia":[{"embeddable":true,"href":"https:\/\/test-wp.pulikowski.com\/index.php?rest_route=\/wp\/v2\/media\/379"}],"wp:attachment":[{"href":"https:\/\/test-wp.pulikowski.com\/index.php?rest_route=%2Fwp%2Fv2%2Fmedia&parent=349"}],"curies":[{"name":"wp","href":"https:\/\/api.w.org\/{rel}","templated":true}]}}