{"id":316,"date":"2020-12-09T10:35:34","date_gmt":"2020-12-09T09:35:34","guid":{"rendered":"https:\/\/test-wp.pulikowski.com\/?product=import-placeholder-for-110"},"modified":"2020-12-09T10:35:53","modified_gmt":"2020-12-09T09:35:53","slug":"koncowka-kranika","status":"publish","type":"product","link":"https:\/\/test-wp.pulikowski.com\/?product=koncowka-kranika","title":{"rendered":"Ko\u0144c\u00f3wka kranika"},"content":{"rendered":"<p>Ko\u0144c\u00f3wka kranika aluminiowa.<\/p>\n","protected":false},"excerpt":{"rendered":"<p>Ko\u0144c\u00f3wka kranika aluminiowa.<\/p>\n","protected":false},"featured_media":345,"comment_status":"open","ping_status":"closed","template":"","meta":{"spay_email":""},"_links":{"self":[{"href":"https:\/\/test-wp.pulikowski.com\/index.php?rest_route=\/wp\/v2\/product\/316"}],"collection":[{"href":"https:\/\/test-wp.pulikowski.com\/index.php?rest_route=\/wp\/v2\/product"}],"about":[{"href":"https:\/\/test-wp.pulikowski.com\/index.php?rest_route=\/wp\/v2\/types\/product"}],"replies":[{"embeddable":true,"href":"https:\/\/test-wp.pulikowski.com\/index.php?rest_route=%2Fwp%2Fv2%2Fcomments&post=316"}],"wp:featuredmedia":[{"embeddable":true,"href":"https:\/\/test-wp.pulikowski.com\/index.php?rest_route=\/wp\/v2\/media\/345"}],"wp:attachment":[{"href":"https:\/\/test-wp.pulikowski.com\/index.php?rest_route=%2Fwp%2Fv2%2Fmedia&parent=316"}],"curies":[{"name":"wp","href":"https:\/\/api.w.org\/{rel}","templated":true}]}}