{"id":314,"date":"2020-12-09T10:35:34","date_gmt":"2020-12-09T09:35:34","guid":{"rendered":"https:\/\/test-wp.pulikowski.com\/?product=import-placeholder-for-108"},"modified":"2020-12-09T10:35:51","modified_gmt":"2020-12-09T09:35:51","slug":"filtr-paliwa","status":"publish","type":"product","link":"https:\/\/test-wp.pulikowski.com\/?product=filtr-paliwa","title":{"rendered":"Filtr paliwa"},"content":{"rendered":"<p>Filtr paliwa  nak\u0142adany na w\u0119\u017cyk.<\/p>\n","protected":false},"excerpt":{"rendered":"<p>Filtr paliwa nak\u0142adany na w\u0119\u017cyk.<\/p>\n","protected":false},"featured_media":343,"comment_status":"open","ping_status":"closed","template":"","meta":{"spay_email":""},"_links":{"self":[{"href":"https:\/\/test-wp.pulikowski.com\/index.php?rest_route=\/wp\/v2\/product\/314"}],"collection":[{"href":"https:\/\/test-wp.pulikowski.com\/index.php?rest_route=\/wp\/v2\/product"}],"about":[{"href":"https:\/\/test-wp.pulikowski.com\/index.php?rest_route=\/wp\/v2\/types\/product"}],"replies":[{"embeddable":true,"href":"https:\/\/test-wp.pulikowski.com\/index.php?rest_route=%2Fwp%2Fv2%2Fcomments&post=314"}],"wp:featuredmedia":[{"embeddable":true,"href":"https:\/\/test-wp.pulikowski.com\/index.php?rest_route=\/wp\/v2\/media\/343"}],"wp:attachment":[{"href":"https:\/\/test-wp.pulikowski.com\/index.php?rest_route=%2Fwp%2Fv2%2Fmedia&parent=314"}],"curies":[{"name":"wp","href":"https:\/\/api.w.org\/{rel}","templated":true}]}}