{"id":313,"date":"2020-12-09T10:35:34","date_gmt":"2020-12-09T09:35:34","guid":{"rendered":"https:\/\/test-wp.pulikowski.com\/?product=import-placeholder-for-107"},"modified":"2020-12-09T10:35:51","modified_gmt":"2020-12-09T09:35:51","slug":"lancuch-napedowy","status":"publish","type":"product","link":"https:\/\/test-wp.pulikowski.com\/?product=lancuch-napedowy","title":{"rendered":"\u0141a\u0144cuch nap\u0119dowy"},"content":{"rendered":"<p>\u0141a\u0144cuchy nap\u0119dowe o d\u0142ugo\u015bci: 94, 110, 112 ogniw. <BR><U><\/U>   <U>Nale\u017cy poda<\/U><SPAN style=\"FONT-SIZE: 11pt, FONT-FAMILY: 'Calibri','sans-serif', mso-ascii-theme-font: minor-latin, mso-fareast-font-family: Calibri, mso-fareast-theme-font: minor-latin, mso-hansi-theme-font: minor-latin, mso-bidi-font-family: 'Times New Roman', mso-bidi-theme-font: minor-bidi, mso-ansi-language: PL, mso-fareast-language: EN-US, mso-bidi-language: AR-SA\">\u00c4\u2021<\/SPAN><U> model pojazdu<\/U> :   SR50-94 ogniw   S51, S53, Enduro-110 ogniw   S50, Schwalbe, STAR-112 ogniw<\/p>\n","protected":false},"excerpt":{"rendered":"<p>\u0141a\u0144cuchy nap\u0119dowe o d\u0142ugo\u015bci: 94, 110, 112 ogniw. Nale\u017cy poda\u00c4\u2021 model pojazdu : SR50-94 ogniw S51, S53, Enduro-110 ogniw S50, Schwalbe, STAR-112 ogniw<\/p>\n","protected":false},"featured_media":342,"comment_status":"open","ping_status":"closed","template":"","meta":{"spay_email":""},"_links":{"self":[{"href":"https:\/\/test-wp.pulikowski.com\/index.php?rest_route=\/wp\/v2\/product\/313"}],"collection":[{"href":"https:\/\/test-wp.pulikowski.com\/index.php?rest_route=\/wp\/v2\/product"}],"about":[{"href":"https:\/\/test-wp.pulikowski.com\/index.php?rest_route=\/wp\/v2\/types\/product"}],"replies":[{"embeddable":true,"href":"https:\/\/test-wp.pulikowski.com\/index.php?rest_route=%2Fwp%2Fv2%2Fcomments&post=313"}],"wp:featuredmedia":[{"embeddable":true,"href":"https:\/\/test-wp.pulikowski.com\/index.php?rest_route=\/wp\/v2\/media\/342"}],"wp:attachment":[{"href":"https:\/\/test-wp.pulikowski.com\/index.php?rest_route=%2Fwp%2Fv2%2Fmedia&parent=313"}],"curies":[{"name":"wp","href":"https:\/\/api.w.org\/{rel}","templated":true}]}}