{"id":311,"date":"2020-12-09T10:35:33","date_gmt":"2020-12-09T09:35:33","guid":{"rendered":"https:\/\/test-wp.pulikowski.com\/?product=import-placeholder-for-105"},"modified":"2020-12-09T10:35:49","modified_gmt":"2020-12-09T09:35:49","slug":"zabezpieczenie-zebatki-przod","status":"publish","type":"product","link":"https:\/\/test-wp.pulikowski.com\/?product=zabezpieczenie-zebatki-przod","title":{"rendered":"Zabezpieczenie z\u0119batki prz\u00f3d"},"content":{"rendered":"<p>Zabezpieczenie z\u0119batki prz\u00f3d i nap\u0119d pr\u0119dko\u015bciomierza S50.<\/p>\n","protected":false},"excerpt":{"rendered":"<p>Zabezpieczenie z\u0119batki prz\u00f3d i nap\u0119d pr\u0119dko\u015bciomierza S50.<\/p>\n","protected":false},"featured_media":340,"comment_status":"open","ping_status":"closed","template":"","meta":{"spay_email":""},"_links":{"self":[{"href":"https:\/\/test-wp.pulikowski.com\/index.php?rest_route=\/wp\/v2\/product\/311"}],"collection":[{"href":"https:\/\/test-wp.pulikowski.com\/index.php?rest_route=\/wp\/v2\/product"}],"about":[{"href":"https:\/\/test-wp.pulikowski.com\/index.php?rest_route=\/wp\/v2\/types\/product"}],"replies":[{"embeddable":true,"href":"https:\/\/test-wp.pulikowski.com\/index.php?rest_route=%2Fwp%2Fv2%2Fcomments&post=311"}],"wp:featuredmedia":[{"embeddable":true,"href":"https:\/\/test-wp.pulikowski.com\/index.php?rest_route=\/wp\/v2\/media\/340"}],"wp:attachment":[{"href":"https:\/\/test-wp.pulikowski.com\/index.php?rest_route=%2Fwp%2Fv2%2Fmedia&parent=311"}],"curies":[{"name":"wp","href":"https:\/\/api.w.org\/{rel}","templated":true}]}}