{"id":310,"date":"2020-12-09T10:35:33","date_gmt":"2020-12-09T09:35:33","guid":{"rendered":"https:\/\/test-wp.pulikowski.com\/?product=import-placeholder-for-104"},"modified":"2020-12-09T10:35:49","modified_gmt":"2020-12-09T09:35:49","slug":"gaznik-16n3-oryginal-bvf","status":"publish","type":"product","link":"https:\/\/test-wp.pulikowski.com\/?product=gaznik-16n3-oryginal-bvf","title":{"rendered":"Ga\u017anik 16N3 ORYGINA\u0141 BVF"},"content":{"rendered":"<p>Ga\u017anik 16N3 pasuj\u0105cy do wi\u0119kszo\u015bci Simson\u00f3w, podac typ jaki Pa\u0144stwo zamawiacie<\/p>\n","protected":false},"excerpt":{"rendered":"<p>Ga\u017anik 16N3 pasuj\u0105cy do wi\u0119kszo\u015bci Simson\u00f3w, podac typ jaki Pa\u0144stwo zamawiacie<\/p>\n","protected":false},"featured_media":0,"comment_status":"open","ping_status":"closed","template":"","meta":{"spay_email":""},"_links":{"self":[{"href":"https:\/\/test-wp.pulikowski.com\/index.php?rest_route=\/wp\/v2\/product\/310"}],"collection":[{"href":"https:\/\/test-wp.pulikowski.com\/index.php?rest_route=\/wp\/v2\/product"}],"about":[{"href":"https:\/\/test-wp.pulikowski.com\/index.php?rest_route=\/wp\/v2\/types\/product"}],"replies":[{"embeddable":true,"href":"https:\/\/test-wp.pulikowski.com\/index.php?rest_route=%2Fwp%2Fv2%2Fcomments&post=310"}],"wp:attachment":[{"href":"https:\/\/test-wp.pulikowski.com\/index.php?rest_route=%2Fwp%2Fv2%2Fmedia&parent=310"}],"curies":[{"name":"wp","href":"https:\/\/api.w.org\/{rel}","templated":true}]}}