{"id":307,"date":"2020-12-09T10:35:32","date_gmt":"2020-12-09T09:35:32","guid":{"rendered":"https:\/\/test-wp.pulikowski.com\/?product=import-placeholder-for-101"},"modified":"2020-12-09T10:35:47","modified_gmt":"2020-12-09T09:35:47","slug":"dzwignia-startera-enduro","status":"publish","type":"product","link":"https:\/\/test-wp.pulikowski.com\/?product=dzwignia-startera-enduro","title":{"rendered":"D\u017awignia startera enduro"},"content":{"rendered":"<p>D\u017awignia startera  zamykana, przeznaczona ze wzgl\u0119du na bezpiecze\u0144stwo(przy skokach)do SIMSONA Enduro.<\/p>\n","protected":false},"excerpt":{"rendered":"<p>D\u017awignia startera zamykana, przeznaczona ze wzgl\u0119du na bezpiecze\u0144stwo(przy skokach)do SIMSONA Enduro.<\/p>\n","protected":false},"featured_media":337,"comment_status":"open","ping_status":"closed","template":"","meta":{"spay_email":""},"_links":{"self":[{"href":"https:\/\/test-wp.pulikowski.com\/index.php?rest_route=\/wp\/v2\/product\/307"}],"collection":[{"href":"https:\/\/test-wp.pulikowski.com\/index.php?rest_route=\/wp\/v2\/product"}],"about":[{"href":"https:\/\/test-wp.pulikowski.com\/index.php?rest_route=\/wp\/v2\/types\/product"}],"replies":[{"embeddable":true,"href":"https:\/\/test-wp.pulikowski.com\/index.php?rest_route=%2Fwp%2Fv2%2Fcomments&post=307"}],"wp:featuredmedia":[{"embeddable":true,"href":"https:\/\/test-wp.pulikowski.com\/index.php?rest_route=\/wp\/v2\/media\/337"}],"wp:attachment":[{"href":"https:\/\/test-wp.pulikowski.com\/index.php?rest_route=%2Fwp%2Fv2%2Fmedia&parent=307"}],"curies":[{"name":"wp","href":"https:\/\/api.w.org\/{rel}","templated":true}]}}