{"id":306,"date":"2020-12-09T10:35:32","date_gmt":"2020-12-09T09:35:32","guid":{"rendered":"https:\/\/test-wp.pulikowski.com\/?product=import-placeholder-for-100"},"modified":"2020-12-09T10:35:47","modified_gmt":"2020-12-09T09:35:47","slug":"zaczep-sprezyny-teleskopu","status":"publish","type":"product","link":"https:\/\/test-wp.pulikowski.com\/?product=zaczep-sprezyny-teleskopu","title":{"rendered":"Zaczep spr\u0119\u017cyny teleskopu"},"content":{"rendered":"<p>Mocowanie spr\u0119\u017cyny teleskopowej przedniej, g\u00f3\u0142rne lub dolne.<\/p>\n","protected":false},"excerpt":{"rendered":"<p>Mocowanie spr\u0119\u017cyny teleskopowej przedniej, g\u00f3\u0142rne lub dolne.<\/p>\n","protected":false},"featured_media":336,"comment_status":"open","ping_status":"closed","template":"","meta":{"spay_email":""},"_links":{"self":[{"href":"https:\/\/test-wp.pulikowski.com\/index.php?rest_route=\/wp\/v2\/product\/306"}],"collection":[{"href":"https:\/\/test-wp.pulikowski.com\/index.php?rest_route=\/wp\/v2\/product"}],"about":[{"href":"https:\/\/test-wp.pulikowski.com\/index.php?rest_route=\/wp\/v2\/types\/product"}],"replies":[{"embeddable":true,"href":"https:\/\/test-wp.pulikowski.com\/index.php?rest_route=%2Fwp%2Fv2%2Fcomments&post=306"}],"wp:featuredmedia":[{"embeddable":true,"href":"https:\/\/test-wp.pulikowski.com\/index.php?rest_route=\/wp\/v2\/media\/336"}],"wp:attachment":[{"href":"https:\/\/test-wp.pulikowski.com\/index.php?rest_route=%2Fwp%2Fv2%2Fmedia&parent=306"}],"curies":[{"name":"wp","href":"https:\/\/api.w.org\/{rel}","templated":true}]}}