{"id":302,"date":"2020-12-09T10:35:31","date_gmt":"2020-12-09T09:35:31","guid":{"rendered":"https:\/\/test-wp.pulikowski.com\/?product=import-placeholder-for-96"},"modified":"2020-12-09T10:35:44","modified_gmt":"2020-12-09T09:35:44","slug":"os-kola","status":"publish","type":"product","link":"https:\/\/test-wp.pulikowski.com\/?product=os-kola","title":{"rendered":"O\u015b ko\u0142a"},"content":{"rendered":"<p>O\u015b ko\u0142a do SIMSON\u00f3w: S51, S50, SR50, Schwalbe, Star.   Po zakupieniu prosz\u0119 o podanie modelu SIMSONa, oraz kt\u00f3\u0142re ko\u0142o.<\/p>\n","protected":false},"excerpt":{"rendered":"<p>O\u015b ko\u0142a do SIMSON\u00f3w: S51, S50, SR50, Schwalbe, Star. Po zakupieniu prosz\u0119 o podanie modelu SIMSONa, oraz kt\u00f3\u0142re ko\u0142o.<\/p>\n","protected":false},"featured_media":332,"comment_status":"open","ping_status":"closed","template":"","meta":{"spay_email":""},"_links":{"self":[{"href":"https:\/\/test-wp.pulikowski.com\/index.php?rest_route=\/wp\/v2\/product\/302"}],"collection":[{"href":"https:\/\/test-wp.pulikowski.com\/index.php?rest_route=\/wp\/v2\/product"}],"about":[{"href":"https:\/\/test-wp.pulikowski.com\/index.php?rest_route=\/wp\/v2\/types\/product"}],"replies":[{"embeddable":true,"href":"https:\/\/test-wp.pulikowski.com\/index.php?rest_route=%2Fwp%2Fv2%2Fcomments&post=302"}],"wp:featuredmedia":[{"embeddable":true,"href":"https:\/\/test-wp.pulikowski.com\/index.php?rest_route=\/wp\/v2\/media\/332"}],"wp:attachment":[{"href":"https:\/\/test-wp.pulikowski.com\/index.php?rest_route=%2Fwp%2Fv2%2Fmedia&parent=302"}],"curies":[{"name":"wp","href":"https:\/\/api.w.org\/{rel}","templated":true}]}}