{"id":296,"date":"2020-12-09T10:35:30","date_gmt":"2020-12-09T09:35:30","guid":{"rendered":"https:\/\/test-wp.pulikowski.com\/?product=import-placeholder-for-90"},"modified":"2020-12-09T10:35:40","modified_gmt":"2020-12-09T09:35:40","slug":"rozpierak-hamulca-przedniego","status":"publish","type":"product","link":"https:\/\/test-wp.pulikowski.com\/?product=rozpierak-hamulca-przedniego","title":{"rendered":"Rozpierak hamulca przedniego"},"content":{"rendered":"<p>Rozpierak szcz\u0119k hamulcowych przednich. Posiadamy te\u017c tylny z blaszk\u0105 STOP 2 z\u0142ote dro\u017cej. Prosz\u0119 poda\u00c4\u2021 przy zamawianiu kt\u00f3\u0142ry ma by\u00c4\u2021.<\/p>\n","protected":false},"excerpt":{"rendered":"<p>Rozpierak szcz\u0119k hamulcowych przednich. Posiadamy te\u017c tylny z blaszk\u0105 STOP 2 z\u0142ote dro\u017cej. Prosz\u0119 poda\u00c4\u2021 przy zamawianiu kt\u00f3\u0142ry ma by\u00c4\u2021.<\/p>\n","protected":false},"featured_media":326,"comment_status":"open","ping_status":"closed","template":"","meta":{"spay_email":""},"_links":{"self":[{"href":"https:\/\/test-wp.pulikowski.com\/index.php?rest_route=\/wp\/v2\/product\/296"}],"collection":[{"href":"https:\/\/test-wp.pulikowski.com\/index.php?rest_route=\/wp\/v2\/product"}],"about":[{"href":"https:\/\/test-wp.pulikowski.com\/index.php?rest_route=\/wp\/v2\/types\/product"}],"replies":[{"embeddable":true,"href":"https:\/\/test-wp.pulikowski.com\/index.php?rest_route=%2Fwp%2Fv2%2Fcomments&post=296"}],"wp:featuredmedia":[{"embeddable":true,"href":"https:\/\/test-wp.pulikowski.com\/index.php?rest_route=\/wp\/v2\/media\/326"}],"wp:attachment":[{"href":"https:\/\/test-wp.pulikowski.com\/index.php?rest_route=%2Fwp%2Fv2%2Fmedia&parent=296"}],"curies":[{"name":"wp","href":"https:\/\/api.w.org\/{rel}","templated":true}]}}