{"id":295,"date":"2020-12-09T10:35:30","date_gmt":"2020-12-09T09:35:30","guid":{"rendered":"https:\/\/test-wp.pulikowski.com\/?product=import-placeholder-for-89"},"modified":"2020-12-09T10:35:40","modified_gmt":"2020-12-09T09:35:40","slug":"nakretka-preta-hamulca","status":"publish","type":"product","link":"https:\/\/test-wp.pulikowski.com\/?product=nakretka-preta-hamulca","title":{"rendered":"Nakr\u0119tka pr\u0119ta hamulca"},"content":{"rendered":"<p>Nakr\u0119tka regulacyjna hamulca ty\u0142 S51 (cena za 1szt.)<\/p>\n","protected":false},"excerpt":{"rendered":"<p>Nakr\u0119tka regulacyjna hamulca ty\u0142 S51 (cena za 1szt.)<\/p>\n","protected":false},"featured_media":325,"comment_status":"open","ping_status":"closed","template":"","meta":{"spay_email":""},"_links":{"self":[{"href":"https:\/\/test-wp.pulikowski.com\/index.php?rest_route=\/wp\/v2\/product\/295"}],"collection":[{"href":"https:\/\/test-wp.pulikowski.com\/index.php?rest_route=\/wp\/v2\/product"}],"about":[{"href":"https:\/\/test-wp.pulikowski.com\/index.php?rest_route=\/wp\/v2\/types\/product"}],"replies":[{"embeddable":true,"href":"https:\/\/test-wp.pulikowski.com\/index.php?rest_route=%2Fwp%2Fv2%2Fcomments&post=295"}],"wp:featuredmedia":[{"embeddable":true,"href":"https:\/\/test-wp.pulikowski.com\/index.php?rest_route=\/wp\/v2\/media\/325"}],"wp:attachment":[{"href":"https:\/\/test-wp.pulikowski.com\/index.php?rest_route=%2Fwp%2Fv2%2Fmedia&parent=295"}],"curies":[{"name":"wp","href":"https:\/\/api.w.org\/{rel}","templated":true}]}}