{"id":294,"date":"2020-12-09T10:35:29","date_gmt":"2020-12-09T09:35:29","guid":{"rendered":"https:\/\/test-wp.pulikowski.com\/?product=import-placeholder-for-88"},"modified":"2020-12-09T10:35:39","modified_gmt":"2020-12-09T09:35:39","slug":"jarzmo-bebna","status":"publish","type":"product","link":"https:\/\/test-wp.pulikowski.com\/?product=jarzmo-bebna","title":{"rendered":"Jarzmo b\u0119bna"},"content":{"rendered":"<p>Jarzmo b\u0119bna hamulcowego  ty\u0142.<\/p>\n","protected":false},"excerpt":{"rendered":"<p>Jarzmo b\u0119bna hamulcowego ty\u0142.<\/p>\n","protected":false},"featured_media":324,"comment_status":"open","ping_status":"closed","template":"","meta":{"spay_email":""},"_links":{"self":[{"href":"https:\/\/test-wp.pulikowski.com\/index.php?rest_route=\/wp\/v2\/product\/294"}],"collection":[{"href":"https:\/\/test-wp.pulikowski.com\/index.php?rest_route=\/wp\/v2\/product"}],"about":[{"href":"https:\/\/test-wp.pulikowski.com\/index.php?rest_route=\/wp\/v2\/types\/product"}],"replies":[{"embeddable":true,"href":"https:\/\/test-wp.pulikowski.com\/index.php?rest_route=%2Fwp%2Fv2%2Fcomments&post=294"}],"wp:featuredmedia":[{"embeddable":true,"href":"https:\/\/test-wp.pulikowski.com\/index.php?rest_route=\/wp\/v2\/media\/324"}],"wp:attachment":[{"href":"https:\/\/test-wp.pulikowski.com\/index.php?rest_route=%2Fwp%2Fv2%2Fmedia&parent=294"}],"curies":[{"name":"wp","href":"https:\/\/api.w.org\/{rel}","templated":true}]}}